{"id":1877,"date":"2018-01-17T15:31:25","date_gmt":"2018-01-17T14:31:25","guid":{"rendered":"https:\/\/pannacel.hu\/unsere-dienstleistungen\/"},"modified":"2025-04-07T10:58:37","modified_gmt":"2025-04-07T09:58:37","slug":"unsere-dienstleistungen","status":"publish","type":"page","link":"https:\/\/pannacel.hu\/de\/unsere-dienstleistungen\/","title":{"rendered":"Unsere Dienstleistungen"},"content":{"rendered":"\t\t<div data-elementor-type=\"wp-page\" data-elementor-id=\"1877\" class=\"elementor elementor-1877 elementor-13\" data-elementor-post-type=\"page\">\n\t\t\t\t<div class=\"elementor-element elementor-element-7317c60 e-flex e-con-boxed e-con e-parent\" data-id=\"7317c60\" data-element_type=\"container\" data-e-type=\"container\" data-settings=\"{&quot;background_background&quot;:&quot;classic&quot;}\">\n\t\t\t\t\t<div class=\"e-con-inner\">\n\t\t\t\t\t<\/div>\n\t\t\t\t<\/div>\n\t\t<div class=\"elementor-element elementor-element-6f43ec7 e-grid e-con-boxed e-con e-parent\" data-id=\"6f43ec7\" data-element_type=\"container\" data-e-type=\"container\">\n\t\t\t\t\t<div class=\"e-con-inner\">\n\t\t<div class=\"elementor-element elementor-element-61705da e-con-full e-flex e-con e-child\" data-id=\"61705da\" data-element_type=\"container\" data-e-type=\"container\">\n\t\t\t\t<div class=\"elementor-element elementor-element-1417b51 elementor-widget elementor-widget-heading\" data-id=\"1417b51\" data-element_type=\"widget\" data-e-type=\"widget\" data-widget_type=\"heading.default\">\n\t\t\t\t<div class=\"elementor-widget-container\">\n\t\t\t\t\t<h2 class=\"elementor-heading-title elementor-size-default\">Demontage<\/h2>\t\t\t\t<\/div>\n\t\t\t\t<\/div>\n\t\t\t\t<div class=\"elementor-element elementor-element-5e21527 elementor-widget elementor-widget-text-editor\" data-id=\"5e21527\" data-element_type=\"widget\" data-e-type=\"widget\" data-widget_type=\"text-editor.default\">\n\t\t\t\t<div class=\"elementor-widget-container\">\n\t\t\t\t\t\t\t\t\tNachdem wir die Rohstoffe erhalten haben, beginnen wir nach Erhalt der Menge und Qualit\u00e4t mit der Verarbeitung der Rohstoffe. 2 Bands\u00e4gen werden zum Schneiden von Fasermaterial verwendet. Wir verwenden eine CNC-gesteuerte Plasma- und Brennschneidmaschine, um\nBleche zu schneiden. Die gro\u00dfen Bretter\nwerden mit 2 handgef\u00fchrten Gartenscheren geschnitten.\t\t\t\t\t\t\t\t<\/div>\n\t\t\t\t<\/div>\n\t\t\t\t<\/div>\n\t\t<div class=\"elementor-element elementor-element-3628e47 e-con-full e-flex e-con e-child\" data-id=\"3628e47\" data-element_type=\"container\" data-e-type=\"container\">\n\t\t\t\t<div class=\"elementor-element elementor-element-c455d11 elementor-widget elementor-widget-heading\" data-id=\"c455d11\" data-element_type=\"widget\" data-e-type=\"widget\" data-widget_type=\"heading.default\">\n\t\t\t\t<div class=\"elementor-widget-container\">\n\t\t\t\t\t<h2 class=\"elementor-heading-title elementor-size-default\">Rollender<\/h2>\t\t\t\t<\/div>\n\t\t\t\t<\/div>\n\t\t\t\t<div class=\"elementor-element elementor-element-1e57654 elementor-widget elementor-widget-text-editor\" data-id=\"1e57654\" data-element_type=\"widget\" data-e-type=\"widget\" data-widget_type=\"text-editor.default\">\n\t\t\t\t<div class=\"elementor-widget-container\">\n\t\t\t\t\t\t\t\t\tUnser Unternehmen verf\u00fcgt \u00fcber langj\u00e4hrige Erfahrung auf dem Gebiet des Walzens. Unsere Mitarbeiter sind hochqualifizierte Fachleute\n, die sich auf konzentrische und exzentrische Kegel spezialisiert haben. In Breiten von 2,5 m\nk\u00f6nnen wir d\u00fcnnere Bleche rollen, z.B. lv30 lv40, aber in Breiten von 0,6 m k\u00f6nnen wir sogar\n100 mm dicke Bleche rollen. Nachdem das Endlosschwei\u00dfen abgeschlossen ist, k\u00f6nnen wir\ndie fertigen Rohre und Konen kalibrieren.\t\t\t\t\t\t\t\t<\/div>\n\t\t\t\t<\/div>\n\t\t\t\t<\/div>\n\t\t<div class=\"elementor-element elementor-element-67f8ac6 e-con-full e-flex e-con e-child\" data-id=\"67f8ac6\" data-element_type=\"container\" data-e-type=\"container\">\n\t\t\t\t<div class=\"elementor-element elementor-element-f308e9f elementor-widget elementor-widget-heading\" data-id=\"f308e9f\" data-element_type=\"widget\" data-e-type=\"widget\" data-widget_type=\"heading.default\">\n\t\t\t\t<div class=\"elementor-widget-container\">\n\t\t\t\t\t<h2 class=\"elementor-heading-title elementor-size-default\">Schwei\u00dfen<\/h2>\t\t\t\t<\/div>\n\t\t\t\t<\/div>\n\t\t\t\t<div class=\"elementor-element elementor-element-a6de7bf elementor-widget elementor-widget-text-editor\" data-id=\"a6de7bf\" data-element_type=\"widget\" data-e-type=\"widget\" data-widget_type=\"text-editor.default\">\n\t\t\t\t<div class=\"elementor-widget-container\">\n\t\t\t\t\t\t\t\t\tUnser Unternehmen besch\u00e4ftigt eine externe Schwei\u00dfaufsichtsperson, um Schwei\u00dffehler zu minimieren. Die Pr\u00fcfung der\nSchwei\u00dfn\u00e4hte wird von einem externen akkreditierten Labor durchgef\u00fchrt. Schwei\u00dfen\nUnsere Mitarbeiter verf\u00fcgen \u00fcber die erforderliche Qualifikation und Ausr\u00fcstung, um ihre Aufgaben zu erf\u00fcllen.\nVerwendete Schwei\u00dfverfahren 141; 135; 136; 111 Materialgruppen: 1.1, 1.2, 8.1\t\t\t\t\t\t\t\t<\/div>\n\t\t\t\t<\/div>\n\t\t\t\t<\/div>\n\t\t<div class=\"elementor-element elementor-element-a82521f e-con-full e-flex e-con e-child\" data-id=\"a82521f\" data-element_type=\"container\" data-e-type=\"container\">\n\t\t\t\t<div class=\"elementor-element elementor-element-c74e282 elementor-widget elementor-widget-heading\" data-id=\"c74e282\" data-element_type=\"widget\" data-e-type=\"widget\" data-widget_type=\"heading.default\">\n\t\t\t\t<div class=\"elementor-widget-container\">\n\t\t\t\t\t<h2 class=\"elementor-heading-title elementor-size-default\">Oberfl\u00e4chenbehandlung und Korrosionsschutz<\/h2>\t\t\t\t<\/div>\n\t\t\t\t<\/div>\n\t\t\t\t<div class=\"elementor-element elementor-element-c2b308e elementor-widget elementor-widget-text-editor\" data-id=\"c2b308e\" data-element_type=\"widget\" data-e-type=\"widget\" data-widget_type=\"text-editor.default\">\n\t\t\t\t<div class=\"elementor-widget-container\">\n\t\t\t\t\t\t\t\t\tDie verwendeten Rohmaterialien werden in dem vom Kunden\ngew\u00fcnschten Umfang durch Kugelstrahlen gereinigt. Die Lackierung wird in unserer beheizten Fabrik in Mez\u0151falva durchgef\u00fchrt. Unser Unternehmen\nist mit Wagner-Spritzger\u00e4ten ausgestattet, so dass wir das gew\u00fcnschte Beschichtungssystem\noder sogar feuerhemmende Beschichtungen auftragen k\u00f6nnen, entweder gespritzt oder gestreut. Unsere Anlagen befinden sich in einem Umkreis von 20 km\nvon Ungarns bekanntestem Feuerverzinkungsunternehmen, so dass wir auch\nfeuerverzinkte Konstruktionen herstellen.\t\t\t\t\t\t\t\t<\/div>\n\t\t\t\t<\/div>\n\t\t\t\t<\/div>\n\t\t\t\t\t<\/div>\n\t\t\t\t<\/div>\n\t\t<div class=\"elementor-element elementor-element-e7bd330 e-flex e-con-boxed e-con e-parent\" data-id=\"e7bd330\" data-element_type=\"container\" data-e-type=\"container\">\n\t\t\t\t\t<div class=\"e-con-inner\">\n\t\t\t\t<div class=\"elementor-element elementor-element-339b501 elementor-widget elementor-widget-heading\" data-id=\"339b501\" data-element_type=\"widget\" data-e-type=\"widget\" data-widget_type=\"heading.default\">\n\t\t\t\t<div class=\"elementor-widget-container\">\n\t\t\t\t\t<h2 class=\"elementor-heading-title elementor-size-default\">Qualit\u00e4tspolitik<\/h2>\t\t\t\t<\/div>\n\t\t\t\t<\/div>\n\t\t\t\t<div class=\"elementor-element elementor-element-d089cbd elementor-widget elementor-widget-text-editor\" data-id=\"d089cbd\" data-element_type=\"widget\" data-e-type=\"widget\" data-widget_type=\"text-editor.default\">\n\t\t\t\t<div class=\"elementor-widget-container\">\n\t\t\t\t\t\t\t\t\t<p><a title=\"\" href=\"https:\/\/pannacel.hu\/wp-content\/uploads\/2019\/06\/minosegpolitika.pdf\" target=\"_blank\" rel=\"noopener noreferrer\">Qualit\u00e4tspolitik<\/a><\/p>\t\t\t\t\t\t\t\t<\/div>\n\t\t\t\t<\/div>\n\t\t\t\t\t<\/div>\n\t\t\t\t<\/div>\n\t\t\t\t<\/div>\n\t\t","protected":false},"excerpt":{"rendered":"<p>Demontage Nachdem wir die Rohstoffe erhalten haben, beginnen wir nach Erhalt der Menge und Qualit\u00e4t mit der Verarbeitung der Rohstoffe. 2 Bands\u00e4gen werden zum Schneiden von Fasermaterial verwendet. Wir verwenden eine CNC-gesteuerte Plasma- und Brennschneidmaschine, um Bleche zu schneiden. Die gro\u00dfen Bretter werden mit 2 handgef\u00fchrten Gartenscheren geschnitten. Rollender Unser Unternehmen verf\u00fcgt \u00fcber langj\u00e4hrige Erfahrung [&hellip;]<\/p>\n","protected":false},"author":1,"featured_media":0,"parent":0,"menu_order":0,"comment_status":"open","ping_status":"closed","template":"elementor_header_footer","meta":{"footnotes":""},"class_list":["post-1877","page","type-page","status-publish","hentry"],"yoast_head":"<!-- This site is optimized with the Yoast SEO plugin v27.5 - https:\/\/yoast.com\/product\/yoast-seo-wordpress\/ -->\n<title>Unsere Dienstleistungen - Pann-Ac\u00e9l Kft. weboldala<\/title>\n<meta name=\"robots\" content=\"index, follow, max-snippet:-1, max-image-preview:large, max-video-preview:-1\" \/>\n<link rel=\"canonical\" href=\"https:\/\/pannacel.hu\/de\/unsere-dienstleistungen\/\" \/>\n<meta property=\"og:locale\" content=\"de_DE\" \/>\n<meta property=\"og:type\" content=\"article\" \/>\n<meta property=\"og:title\" content=\"Unsere Dienstleistungen - Pann-Ac\u00e9l Kft. weboldala\" \/>\n<meta property=\"og:description\" content=\"Demontage Nachdem wir die Rohstoffe erhalten haben, beginnen wir nach Erhalt der Menge und Qualit\u00e4t mit der Verarbeitung der Rohstoffe. 2 Bands\u00e4gen werden zum Schneiden von Fasermaterial verwendet. Wir verwenden eine CNC-gesteuerte Plasma- und Brennschneidmaschine, um Bleche zu schneiden. Die gro\u00dfen Bretter werden mit 2 handgef\u00fchrten Gartenscheren geschnitten. Rollender Unser Unternehmen verf\u00fcgt \u00fcber langj\u00e4hrige Erfahrung [&hellip;]\" \/>\n<meta property=\"og:url\" content=\"https:\/\/pannacel.hu\/de\/unsere-dienstleistungen\/\" \/>\n<meta property=\"og:site_name\" content=\"Pann-Ac\u00e9l Kft. weboldala\" \/>\n<meta property=\"article:modified_time\" content=\"2025-04-07T09:58:37+00:00\" \/>\n<meta name=\"twitter:card\" content=\"summary_large_image\" \/>\n<meta name=\"twitter:label1\" content=\"Gesch\u00e4tzte Lesezeit\" \/>\n\t<meta name=\"twitter:data1\" content=\"1\u00a0Minute\" \/>\n<script type=\"application\/ld+json\" class=\"yoast-schema-graph\">{\"@context\":\"https:\\\/\\\/schema.org\",\"@graph\":[{\"@type\":\"WebPage\",\"@id\":\"https:\\\/\\\/pannacel.hu\\\/de\\\/unsere-dienstleistungen\\\/\",\"url\":\"https:\\\/\\\/pannacel.hu\\\/de\\\/unsere-dienstleistungen\\\/\",\"name\":\"Unsere Dienstleistungen - Pann-Ac\u00e9l Kft. weboldala\",\"isPartOf\":{\"@id\":\"https:\\\/\\\/pannacel.hu\\\/de\\\/#website\"},\"datePublished\":\"2018-01-17T14:31:25+00:00\",\"dateModified\":\"2025-04-07T09:58:37+00:00\",\"breadcrumb\":{\"@id\":\"https:\\\/\\\/pannacel.hu\\\/de\\\/unsere-dienstleistungen\\\/#breadcrumb\"},\"inLanguage\":\"de\",\"potentialAction\":[{\"@type\":\"ReadAction\",\"target\":[\"https:\\\/\\\/pannacel.hu\\\/de\\\/unsere-dienstleistungen\\\/\"]}]},{\"@type\":\"BreadcrumbList\",\"@id\":\"https:\\\/\\\/pannacel.hu\\\/de\\\/unsere-dienstleistungen\\\/#breadcrumb\",\"itemListElement\":[{\"@type\":\"ListItem\",\"position\":1,\"name\":\"Home\",\"item\":\"https:\\\/\\\/pannacel.hu\\\/de\\\/hauptseite\\\/\"},{\"@type\":\"ListItem\",\"position\":2,\"name\":\"Unsere Dienstleistungen\"}]},{\"@type\":\"WebSite\",\"@id\":\"https:\\\/\\\/pannacel.hu\\\/de\\\/#website\",\"url\":\"https:\\\/\\\/pannacel.hu\\\/de\\\/\",\"name\":\"Pann-Ac\u00e9l Kft.\",\"description\":\"\",\"publisher\":{\"@id\":\"https:\\\/\\\/pannacel.hu\\\/de\\\/#organization\"},\"potentialAction\":[{\"@type\":\"SearchAction\",\"target\":{\"@type\":\"EntryPoint\",\"urlTemplate\":\"https:\\\/\\\/pannacel.hu\\\/de\\\/?s={search_term_string}\"},\"query-input\":{\"@type\":\"PropertyValueSpecification\",\"valueRequired\":true,\"valueName\":\"search_term_string\"}}],\"inLanguage\":\"de\"},{\"@type\":\"Organization\",\"@id\":\"https:\\\/\\\/pannacel.hu\\\/de\\\/#organization\",\"name\":\"Pann-Ac\u00e9l Kft.\",\"url\":\"https:\\\/\\\/pannacel.hu\\\/de\\\/\",\"logo\":{\"@type\":\"ImageObject\",\"inLanguage\":\"de\",\"@id\":\"https:\\\/\\\/pannacel.hu\\\/de\\\/#\\\/schema\\\/logo\\\/image\\\/\",\"url\":\"https:\\\/\\\/pannacel.hu\\\/wp-content\\\/uploads\\\/2018\\\/01\\\/pannacel_logo_red-8.png\",\"contentUrl\":\"https:\\\/\\\/pannacel.hu\\\/wp-content\\\/uploads\\\/2018\\\/01\\\/pannacel_logo_red-8.png\",\"width\":120,\"height\":70,\"caption\":\"Pann-Ac\u00e9l Kft.\"},\"image\":{\"@id\":\"https:\\\/\\\/pannacel.hu\\\/de\\\/#\\\/schema\\\/logo\\\/image\\\/\"}}]}<\/script>\n<!-- \/ Yoast SEO plugin. -->","yoast_head_json":{"title":"Unsere Dienstleistungen - Pann-Ac\u00e9l Kft. weboldala","robots":{"index":"index","follow":"follow","max-snippet":"max-snippet:-1","max-image-preview":"max-image-preview:large","max-video-preview":"max-video-preview:-1"},"canonical":"https:\/\/pannacel.hu\/de\/unsere-dienstleistungen\/","og_locale":"de_DE","og_type":"article","og_title":"Unsere Dienstleistungen - Pann-Ac\u00e9l Kft. weboldala","og_description":"Demontage Nachdem wir die Rohstoffe erhalten haben, beginnen wir nach Erhalt der Menge und Qualit\u00e4t mit der Verarbeitung der Rohstoffe. 2 Bands\u00e4gen werden zum Schneiden von Fasermaterial verwendet. Wir verwenden eine CNC-gesteuerte Plasma- und Brennschneidmaschine, um Bleche zu schneiden. Die gro\u00dfen Bretter werden mit 2 handgef\u00fchrten Gartenscheren geschnitten. Rollender Unser Unternehmen verf\u00fcgt \u00fcber langj\u00e4hrige Erfahrung [&hellip;]","og_url":"https:\/\/pannacel.hu\/de\/unsere-dienstleistungen\/","og_site_name":"Pann-Ac\u00e9l Kft. weboldala","article_modified_time":"2025-04-07T09:58:37+00:00","twitter_card":"summary_large_image","twitter_misc":{"Gesch\u00e4tzte Lesezeit":"1\u00a0Minute"},"schema":{"@context":"https:\/\/schema.org","@graph":[{"@type":"WebPage","@id":"https:\/\/pannacel.hu\/de\/unsere-dienstleistungen\/","url":"https:\/\/pannacel.hu\/de\/unsere-dienstleistungen\/","name":"Unsere Dienstleistungen - Pann-Ac\u00e9l Kft. weboldala","isPartOf":{"@id":"https:\/\/pannacel.hu\/de\/#website"},"datePublished":"2018-01-17T14:31:25+00:00","dateModified":"2025-04-07T09:58:37+00:00","breadcrumb":{"@id":"https:\/\/pannacel.hu\/de\/unsere-dienstleistungen\/#breadcrumb"},"inLanguage":"de","potentialAction":[{"@type":"ReadAction","target":["https:\/\/pannacel.hu\/de\/unsere-dienstleistungen\/"]}]},{"@type":"BreadcrumbList","@id":"https:\/\/pannacel.hu\/de\/unsere-dienstleistungen\/#breadcrumb","itemListElement":[{"@type":"ListItem","position":1,"name":"Home","item":"https:\/\/pannacel.hu\/de\/hauptseite\/"},{"@type":"ListItem","position":2,"name":"Unsere Dienstleistungen"}]},{"@type":"WebSite","@id":"https:\/\/pannacel.hu\/de\/#website","url":"https:\/\/pannacel.hu\/de\/","name":"Pann-Ac\u00e9l Kft.","description":"","publisher":{"@id":"https:\/\/pannacel.hu\/de\/#organization"},"potentialAction":[{"@type":"SearchAction","target":{"@type":"EntryPoint","urlTemplate":"https:\/\/pannacel.hu\/de\/?s={search_term_string}"},"query-input":{"@type":"PropertyValueSpecification","valueRequired":true,"valueName":"search_term_string"}}],"inLanguage":"de"},{"@type":"Organization","@id":"https:\/\/pannacel.hu\/de\/#organization","name":"Pann-Ac\u00e9l Kft.","url":"https:\/\/pannacel.hu\/de\/","logo":{"@type":"ImageObject","inLanguage":"de","@id":"https:\/\/pannacel.hu\/de\/#\/schema\/logo\/image\/","url":"https:\/\/pannacel.hu\/wp-content\/uploads\/2018\/01\/pannacel_logo_red-8.png","contentUrl":"https:\/\/pannacel.hu\/wp-content\/uploads\/2018\/01\/pannacel_logo_red-8.png","width":120,"height":70,"caption":"Pann-Ac\u00e9l Kft."},"image":{"@id":"https:\/\/pannacel.hu\/de\/#\/schema\/logo\/image\/"}}]}},"_links":{"self":[{"href":"https:\/\/pannacel.hu\/de\/wp-json\/wp\/v2\/pages\/1877","targetHints":{"allow":["GET"]}}],"collection":[{"href":"https:\/\/pannacel.hu\/de\/wp-json\/wp\/v2\/pages"}],"about":[{"href":"https:\/\/pannacel.hu\/de\/wp-json\/wp\/v2\/types\/page"}],"author":[{"embeddable":true,"href":"https:\/\/pannacel.hu\/de\/wp-json\/wp\/v2\/users\/1"}],"replies":[{"embeddable":true,"href":"https:\/\/pannacel.hu\/de\/wp-json\/wp\/v2\/comments?post=1877"}],"version-history":[{"count":1,"href":"https:\/\/pannacel.hu\/de\/wp-json\/wp\/v2\/pages\/1877\/revisions"}],"predecessor-version":[{"id":1878,"href":"https:\/\/pannacel.hu\/de\/wp-json\/wp\/v2\/pages\/1877\/revisions\/1878"}],"wp:attachment":[{"href":"https:\/\/pannacel.hu\/de\/wp-json\/wp\/v2\/media?parent=1877"}],"curies":[{"name":"wp","href":"https:\/\/api.w.org\/{rel}","templated":true}]}}