{"id":1891,"date":"2025-03-24T22:37:12","date_gmt":"2025-03-24T21:37:12","guid":{"rendered":"https:\/\/pannacel.hu\/unsere-dienstleistungen\/demontage\/"},"modified":"2025-04-07T10:59:27","modified_gmt":"2025-04-07T09:59:27","slug":"demontage","status":"publish","type":"page","link":"https:\/\/pannacel.hu\/de\/unsere-dienstleistungen\/demontage\/","title":{"rendered":"Demontage"},"content":{"rendered":"\t\t<div data-elementor-type=\"wp-page\" data-elementor-id=\"1891\" class=\"elementor elementor-1891 elementor-1255\" data-elementor-post-type=\"page\">\n\t\t\t\t<div class=\"elementor-element elementor-element-9576270 e-flex e-con-boxed e-con e-parent\" data-id=\"9576270\" data-element_type=\"container\" data-e-type=\"container\" data-settings=\"{&quot;background_background&quot;:&quot;classic&quot;}\">\n\t\t\t\t\t<div class=\"e-con-inner\">\n\t\t\t\t\t<\/div>\n\t\t\t\t<\/div>\n\t\t<div class=\"elementor-element elementor-element-b48ffe3 e-flex e-con-boxed e-con e-parent\" data-id=\"b48ffe3\" data-element_type=\"container\" data-e-type=\"container\">\n\t\t\t\t\t<div class=\"e-con-inner\">\n\t\t\t\t<div class=\"elementor-element elementor-element-78fa7ee elementor-widget elementor-widget-heading\" data-id=\"78fa7ee\" data-element_type=\"widget\" data-e-type=\"widget\" data-widget_type=\"heading.default\">\n\t\t\t\t<div class=\"elementor-widget-container\">\n\t\t\t\t\t<h1 class=\"elementor-heading-title elementor-size-default\">Demontage<\/h1>\t\t\t\t<\/div>\n\t\t\t\t<\/div>\n\t\t\t\t<div class=\"elementor-element elementor-element-cd38ea0 elementor-widget elementor-widget-text-editor\" data-id=\"cd38ea0\" data-element_type=\"widget\" data-e-type=\"widget\" data-widget_type=\"text-editor.default\">\n\t\t\t\t<div class=\"elementor-widget-container\">\n\t\t\t\t\t\t\t\t\t<p>Nachdem wir die Rohstoffe erhalten haben, beginnt unser Unternehmen nach Erhalt der Menge und Qualit\u00e4t mit der Verarbeitung der Rohstoffe<br>. 2 Bands\u00e4gen werden zum Schneiden von Fasermaterial verwendet. Wir verwenden eine CNC<br>gesteuerte Plasma- und Brennschneidmaschine zum Schneiden von Blechen. Die gro\u00dfen Kartonbl\u00e4tter werden mit 2 Handscheren geschnitten<br>.<\/p>\t\t\t\t\t\t\t\t<\/div>\n\t\t\t\t<\/div>\n\t\t\t\t\t<\/div>\n\t\t\t\t<\/div>\n\t\t<div class=\"elementor-element elementor-element-ea35122 e-flex e-con-boxed e-con e-parent\" data-id=\"ea35122\" data-element_type=\"container\" data-e-type=\"container\">\n\t\t\t\t\t<div class=\"e-con-inner\">\n\t\t<div class=\"elementor-element elementor-element-2c63435 e-con-full e-flex e-con e-child\" data-id=\"2c63435\" data-element_type=\"container\" data-e-type=\"container\">\n\t\t\t\t<div class=\"elementor-element elementor-element-13fc75a elementor-widget elementor-widget-heading\" data-id=\"13fc75a\" data-element_type=\"widget\" data-e-type=\"widget\" data-widget_type=\"heading.default\">\n\t\t\t\t<div class=\"elementor-widget-container\">\n\t\t\t\t\t<h2 class=\"elementor-heading-title elementor-size-default\">CNC-Plasma- und Brennschneider<\/h2>\t\t\t\t<\/div>\n\t\t\t\t<\/div>\n\t\t\t\t<div class=\"elementor-element elementor-element-f0e09d9 elementor-widget elementor-widget-text-editor\" data-id=\"f0e09d9\" data-element_type=\"widget\" data-e-type=\"widget\" data-widget_type=\"text-editor.default\">\n\t\t\t\t<div class=\"elementor-widget-container\">\n\t\t\t\t\t\t\t\t\t<p>Plasmaschneider: Wir k\u00f6nnen Bleche bis zu einer Gr\u00f6\u00dfe von 2000 mm x 6000 mm und einer Dicke von bis zu 35 mm schneiden, mit einer Toleranz von Zehntelmillimetern.<\/p><p>Brennschneider: wir k\u00f6nnen Bleche bis zu einer Gr\u00f6\u00dfe von 2000mm x 6000mm und einer Dicke von bis zu 100mm mit einer Toleranz von einem Millimeter schneiden.<\/p>\t\t\t\t\t\t\t\t<\/div>\n\t\t\t\t<\/div>\n\t\t\t\t<\/div>\n\t\t<div class=\"elementor-element elementor-element-a823189 e-con-full e-flex e-con e-child\" data-id=\"a823189\" data-element_type=\"container\" data-e-type=\"container\">\n\t\t\t\t<div class=\"elementor-element elementor-element-c7ff2f3 elementor-widget elementor-widget-image\" data-id=\"c7ff2f3\" data-element_type=\"widget\" data-e-type=\"widget\" data-widget_type=\"image.default\">\n\t\t\t\t<div class=\"elementor-widget-container\">\n\t\t\t\t\t\t\t\t\t\t\t\t\t\t\t<img fetchpriority=\"high\" decoding=\"async\" width=\"800\" height=\"600\" src=\"https:\/\/pannacel.hu\/wp-content\/uploads\/2025\/03\/CNC-plazma-es-langvago_kep-1024x768.jpg\" class=\"attachment-large size-large wp-image-1775\" alt=\"\" srcset=\"https:\/\/pannacel.hu\/wp-content\/uploads\/2025\/03\/CNC-plazma-es-langvago_kep-1024x768.jpg 1024w, https:\/\/pannacel.hu\/wp-content\/uploads\/2025\/03\/CNC-plazma-es-langvago_kep-300x225.jpg 300w, https:\/\/pannacel.hu\/wp-content\/uploads\/2025\/03\/CNC-plazma-es-langvago_kep-768x576.jpg 768w, https:\/\/pannacel.hu\/wp-content\/uploads\/2025\/03\/CNC-plazma-es-langvago_kep-1536x1152.jpg 1536w, https:\/\/pannacel.hu\/wp-content\/uploads\/2025\/03\/CNC-plazma-es-langvago_kep-scaled.jpg 2048w\" sizes=\"(max-width: 800px) 100vw, 800px\" \/>\t\t\t\t\t\t\t\t\t\t\t\t\t\t\t<\/div>\n\t\t\t\t<\/div>\n\t\t\t\t<\/div>\n\t\t\t\t\t<\/div>\n\t\t\t\t<\/div>\n\t\t<div class=\"elementor-element elementor-element-a65c5e1 e-flex e-con-boxed e-con e-parent\" data-id=\"a65c5e1\" data-element_type=\"container\" data-e-type=\"container\">\n\t\t\t\t\t<div class=\"e-con-inner\">\n\t\t<div class=\"elementor-element elementor-element-db4f2d4 e-con-full e-flex e-con e-child\" data-id=\"db4f2d4\" data-element_type=\"container\" data-e-type=\"container\">\n\t\t\t\t<div class=\"elementor-element elementor-element-2cdd35d elementor-widget elementor-widget-image\" data-id=\"2cdd35d\" data-element_type=\"widget\" data-e-type=\"widget\" data-widget_type=\"image.default\">\n\t\t\t\t<div class=\"elementor-widget-container\">\n\t\t\t\t\t\t\t\t\t\t\t\t\t\t\t<img decoding=\"async\" width=\"800\" height=\"600\" src=\"https:\/\/pannacel.hu\/wp-content\/uploads\/2019\/02\/Lemezvago_2.jpg\" class=\"attachment-large size-large wp-image-1511\" alt=\"\" srcset=\"https:\/\/pannacel.hu\/wp-content\/uploads\/2019\/02\/Lemezvago_2.jpg 800w, https:\/\/pannacel.hu\/wp-content\/uploads\/2019\/02\/Lemezvago_2-300x225.jpg 300w, https:\/\/pannacel.hu\/wp-content\/uploads\/2019\/02\/Lemezvago_2-768x576.jpg 768w\" sizes=\"(max-width: 800px) 100vw, 800px\" \/>\t\t\t\t\t\t\t\t\t\t\t\t\t\t\t<\/div>\n\t\t\t\t<\/div>\n\t\t\t\t<\/div>\n\t\t<div class=\"elementor-element elementor-element-c5be059 e-con-full e-flex e-con e-child\" data-id=\"c5be059\" data-element_type=\"container\" data-e-type=\"container\">\n\t\t\t\t<div class=\"elementor-element elementor-element-6296c80 elementor-widget elementor-widget-heading\" data-id=\"6296c80\" data-element_type=\"widget\" data-e-type=\"widget\" data-widget_type=\"heading.default\">\n\t\t\t\t<div class=\"elementor-widget-container\">\n\t\t\t\t\t<h2 class=\"elementor-heading-title elementor-size-default\">Schere zum Schneiden von Tellern<\/h2>\t\t\t\t<\/div>\n\t\t\t\t<\/div>\n\t\t\t\t<div class=\"elementor-element elementor-element-1a37777 elementor-widget elementor-widget-text-editor\" data-id=\"1a37777\" data-element_type=\"widget\" data-e-type=\"widget\" data-widget_type=\"text-editor.default\">\n\t\t\t\t<div class=\"elementor-widget-container\">\n\t\t\t\t\t\t\t\t\t<p>Schneiden von Blechen mit einer Blechschere: 2500mm Breite<br>bis zu 12mm Blechst\u00e4rke  <\/p>\t\t\t\t\t\t\t\t<\/div>\n\t\t\t\t<\/div>\n\t\t\t\t<\/div>\n\t\t\t\t\t<\/div>\n\t\t\t\t<\/div>\n\t\t<div class=\"elementor-element elementor-element-aba0707 e-flex e-con-boxed e-con e-parent\" data-id=\"aba0707\" data-element_type=\"container\" data-e-type=\"container\">\n\t\t\t\t\t<div class=\"e-con-inner\">\n\t\t<div class=\"elementor-element elementor-element-5b9b7cd e-con-full e-flex e-con e-child\" data-id=\"5b9b7cd\" data-element_type=\"container\" data-e-type=\"container\">\n\t\t\t\t<div class=\"elementor-element elementor-element-35915c7 elementor-widget elementor-widget-heading\" data-id=\"35915c7\" data-element_type=\"widget\" data-e-type=\"widget\" data-widget_type=\"heading.default\">\n\t\t\t\t<div class=\"elementor-widget-container\">\n\t\t\t\t\t<h2 class=\"elementor-heading-title elementor-size-default\">Sectator<\/h2>\t\t\t\t<\/div>\n\t\t\t\t<\/div>\n\t\t\t\t<div class=\"elementor-element elementor-element-d17a7f7 elementor-widget elementor-widget-text-editor\" data-id=\"d17a7f7\" data-element_type=\"widget\" data-e-type=\"widget\" data-widget_type=\"text-editor.default\">\n\t\t\t\t<div class=\"elementor-widget-container\">\n\t\t\t\t\t\t\t\t\t<p>Ausgezeichnete Schneideigenschaften:<\/p><p>1. geeignet f\u00fcr den gleichzeitigen Einsatz von zwei Schneidk\u00f6pfen, um Zeit bei parallelen Operationen zu sparen, z.B. beim gleichzeitigen Schneiden und Sch\u00e4rfen oder beim Formen von 2 identischen Werkst\u00fccken.<\/p><p>2. stufenlos einstellbare Schnittgeschwindigkeiten in Vorw\u00e4rts- und R\u00fcckw\u00e4rtsrichtung: 200 &#8211; 2000 mm\/min.<\/p><p>3 Die Schneidk\u00f6pfe k\u00f6nnen in 3 Richtungen verstellt werden, v\u00f6llig unabh\u00e4ngig voneinander, und der Abstand zwischen ihnen kann mit gro\u00dfer Freiheit variiert werden.<\/p><p>4. benutzerfreundliches Design: ideales Gewicht und gute Gewichtsverteilung f\u00fcr stabilen Lauf, Man\u00f6vrierf\u00e4higkeit, handliche Bedienkn\u00f6pfe und Steuerventile.<\/p>\t\t\t\t\t\t\t\t<\/div>\n\t\t\t\t<\/div>\n\t\t\t\t<\/div>\n\t\t<div class=\"elementor-element elementor-element-61c62a3 e-con-full e-flex e-con e-child\" data-id=\"61c62a3\" data-element_type=\"container\" data-e-type=\"container\">\n\t\t\t\t<div class=\"elementor-element elementor-element-5183053 elementor-widget elementor-widget-image\" data-id=\"5183053\" data-element_type=\"widget\" data-e-type=\"widget\" data-widget_type=\"image.default\">\n\t\t\t\t<div class=\"elementor-widget-container\">\n\t\t\t\t\t\t\t\t\t\t\t\t\t\t\t<img decoding=\"async\" width=\"322\" height=\"322\" src=\"https:\/\/pannacel.hu\/wp-content\/uploads\/2025\/03\/apannacel-4.jpg\" class=\"attachment-large size-large wp-image-1827\" alt=\"\" srcset=\"https:\/\/pannacel.hu\/wp-content\/uploads\/2025\/03\/apannacel-4.jpg 322w, https:\/\/pannacel.hu\/wp-content\/uploads\/2025\/03\/apannacel-4-300x300.jpg 300w, https:\/\/pannacel.hu\/wp-content\/uploads\/2025\/03\/apannacel-4-150x150.jpg 150w\" sizes=\"(max-width: 322px) 100vw, 322px\" \/>\t\t\t\t\t\t\t\t\t\t\t\t\t\t\t<\/div>\n\t\t\t\t<\/div>\n\t\t\t\t<\/div>\n\t\t\t\t\t<\/div>\n\t\t\t\t<\/div>\n\t\t\t\t<\/div>\n\t\t","protected":false},"excerpt":{"rendered":"<p>Demontage Nachdem wir die Rohstoffe erhalten haben, beginnt unser Unternehmen nach Erhalt der Menge und Qualit\u00e4t mit der Verarbeitung der Rohstoffe. 2 Bands\u00e4gen werden zum Schneiden von Fasermaterial verwendet. Wir verwenden eine CNCgesteuerte Plasma- und Brennschneidmaschine zum Schneiden von Blechen. Die gro\u00dfen Kartonbl\u00e4tter werden mit 2 Handscheren geschnitten. CNC-Plasma- und Brennschneider Plasmaschneider: Wir k\u00f6nnen Bleche [&hellip;]<\/p>\n","protected":false},"author":1,"featured_media":0,"parent":1877,"menu_order":0,"comment_status":"closed","ping_status":"closed","template":"elementor_header_footer","meta":{"footnotes":""},"class_list":["post-1891","page","type-page","status-publish","hentry"],"yoast_head":"<!-- This site is optimized with the Yoast SEO plugin v27.2 - https:\/\/yoast.com\/product\/yoast-seo-wordpress\/ -->\n<title>Demontage - Pann-Ac\u00e9l Kft. weboldala<\/title>\n<meta name=\"robots\" content=\"index, follow, max-snippet:-1, max-image-preview:large, max-video-preview:-1\" \/>\n<link rel=\"canonical\" href=\"https:\/\/pannacel.hu\/de\/unsere-dienstleistungen\/demontage\/\" \/>\n<meta property=\"og:locale\" content=\"de_DE\" \/>\n<meta property=\"og:type\" content=\"article\" \/>\n<meta property=\"og:title\" content=\"Demontage - Pann-Ac\u00e9l Kft. weboldala\" \/>\n<meta property=\"og:description\" content=\"Demontage Nachdem wir die Rohstoffe erhalten haben, beginnt unser Unternehmen nach Erhalt der Menge und Qualit\u00e4t mit der Verarbeitung der Rohstoffe. 2 Bands\u00e4gen werden zum Schneiden von Fasermaterial verwendet. Wir verwenden eine CNCgesteuerte Plasma- und Brennschneidmaschine zum Schneiden von Blechen. Die gro\u00dfen Kartonbl\u00e4tter werden mit 2 Handscheren geschnitten. CNC-Plasma- und Brennschneider Plasmaschneider: Wir k\u00f6nnen Bleche [&hellip;]\" \/>\n<meta property=\"og:url\" content=\"https:\/\/pannacel.hu\/de\/unsere-dienstleistungen\/demontage\/\" \/>\n<meta property=\"og:site_name\" content=\"Pann-Ac\u00e9l Kft. weboldala\" \/>\n<meta property=\"article:modified_time\" content=\"2025-04-07T09:59:27+00:00\" \/>\n<meta property=\"og:image\" content=\"https:\/\/pannacel.hu\/wp-content\/uploads\/2025\/03\/CNC-plazma-es-langvago_kep-scaled.jpg\" \/>\n\t<meta property=\"og:image:width\" content=\"2048\" \/>\n\t<meta property=\"og:image:height\" content=\"1536\" \/>\n\t<meta property=\"og:image:type\" content=\"image\/jpeg\" \/>\n<meta name=\"twitter:card\" content=\"summary_large_image\" \/>\n<meta name=\"twitter:label1\" content=\"Gesch\u00e4tzte Lesezeit\" \/>\n\t<meta name=\"twitter:data1\" content=\"1\u00a0Minute\" \/>\n<script type=\"application\/ld+json\" class=\"yoast-schema-graph\">{\"@context\":\"https:\/\/schema.org\",\"@graph\":[{\"@type\":\"WebPage\",\"@id\":\"https:\/\/pannacel.hu\/de\/unsere-dienstleistungen\/demontage\/\",\"url\":\"https:\/\/pannacel.hu\/de\/unsere-dienstleistungen\/demontage\/\",\"name\":\"Demontage - Pann-Ac\u00e9l Kft. weboldala\",\"isPartOf\":{\"@id\":\"https:\/\/pannacel.hu\/de\/#website\"},\"primaryImageOfPage\":{\"@id\":\"https:\/\/pannacel.hu\/de\/unsere-dienstleistungen\/demontage\/#primaryimage\"},\"image\":{\"@id\":\"https:\/\/pannacel.hu\/de\/unsere-dienstleistungen\/demontage\/#primaryimage\"},\"thumbnailUrl\":\"https:\/\/pannacel.hu\/wp-content\/uploads\/2025\/03\/CNC-plazma-es-langvago_kep-1024x768.jpg\",\"datePublished\":\"2025-03-24T21:37:12+00:00\",\"dateModified\":\"2025-04-07T09:59:27+00:00\",\"breadcrumb\":{\"@id\":\"https:\/\/pannacel.hu\/de\/unsere-dienstleistungen\/demontage\/#breadcrumb\"},\"inLanguage\":\"de\",\"potentialAction\":[{\"@type\":\"ReadAction\",\"target\":[\"https:\/\/pannacel.hu\/de\/unsere-dienstleistungen\/demontage\/\"]}]},{\"@type\":\"ImageObject\",\"inLanguage\":\"de\",\"@id\":\"https:\/\/pannacel.hu\/de\/unsere-dienstleistungen\/demontage\/#primaryimage\",\"url\":\"https:\/\/pannacel.hu\/wp-content\/uploads\/2025\/03\/CNC-plazma-es-langvago_kep-1024x768.jpg\",\"contentUrl\":\"https:\/\/pannacel.hu\/wp-content\/uploads\/2025\/03\/CNC-plazma-es-langvago_kep-1024x768.jpg\"},{\"@type\":\"BreadcrumbList\",\"@id\":\"https:\/\/pannacel.hu\/de\/unsere-dienstleistungen\/demontage\/#breadcrumb\",\"itemListElement\":[{\"@type\":\"ListItem\",\"position\":1,\"name\":\"Home\",\"item\":\"https:\/\/pannacel.hu\/de\/hauptseite\/\"},{\"@type\":\"ListItem\",\"position\":2,\"name\":\"Unsere Dienstleistungen\",\"item\":\"https:\/\/pannacel.hu\/de\/unsere-dienstleistungen\/\"},{\"@type\":\"ListItem\",\"position\":3,\"name\":\"Demontage\"}]},{\"@type\":\"WebSite\",\"@id\":\"https:\/\/pannacel.hu\/de\/#website\",\"url\":\"https:\/\/pannacel.hu\/de\/\",\"name\":\"Pann-Ac\u00e9l Kft.\",\"description\":\"\",\"publisher\":{\"@id\":\"https:\/\/pannacel.hu\/de\/#organization\"},\"potentialAction\":[{\"@type\":\"SearchAction\",\"target\":{\"@type\":\"EntryPoint\",\"urlTemplate\":\"https:\/\/pannacel.hu\/de\/?s={search_term_string}\"},\"query-input\":{\"@type\":\"PropertyValueSpecification\",\"valueRequired\":true,\"valueName\":\"search_term_string\"}}],\"inLanguage\":\"de\"},{\"@type\":\"Organization\",\"@id\":\"https:\/\/pannacel.hu\/de\/#organization\",\"name\":\"Pann-Ac\u00e9l Kft.\",\"url\":\"https:\/\/pannacel.hu\/de\/\",\"logo\":{\"@type\":\"ImageObject\",\"inLanguage\":\"de\",\"@id\":\"https:\/\/pannacel.hu\/de\/#\/schema\/logo\/image\/\",\"url\":\"https:\/\/pannacel.hu\/wp-content\/uploads\/2018\/01\/pannacel_logo_red-8.png\",\"contentUrl\":\"https:\/\/pannacel.hu\/wp-content\/uploads\/2018\/01\/pannacel_logo_red-8.png\",\"width\":120,\"height\":70,\"caption\":\"Pann-Ac\u00e9l Kft.\"},\"image\":{\"@id\":\"https:\/\/pannacel.hu\/de\/#\/schema\/logo\/image\/\"}}]}<\/script>\n<!-- \/ Yoast SEO plugin. -->","yoast_head_json":{"title":"Demontage - Pann-Ac\u00e9l Kft. weboldala","robots":{"index":"index","follow":"follow","max-snippet":"max-snippet:-1","max-image-preview":"max-image-preview:large","max-video-preview":"max-video-preview:-1"},"canonical":"https:\/\/pannacel.hu\/de\/unsere-dienstleistungen\/demontage\/","og_locale":"de_DE","og_type":"article","og_title":"Demontage - Pann-Ac\u00e9l Kft. weboldala","og_description":"Demontage Nachdem wir die Rohstoffe erhalten haben, beginnt unser Unternehmen nach Erhalt der Menge und Qualit\u00e4t mit der Verarbeitung der Rohstoffe. 2 Bands\u00e4gen werden zum Schneiden von Fasermaterial verwendet. Wir verwenden eine CNCgesteuerte Plasma- und Brennschneidmaschine zum Schneiden von Blechen. Die gro\u00dfen Kartonbl\u00e4tter werden mit 2 Handscheren geschnitten. CNC-Plasma- und Brennschneider Plasmaschneider: Wir k\u00f6nnen Bleche [&hellip;]","og_url":"https:\/\/pannacel.hu\/de\/unsere-dienstleistungen\/demontage\/","og_site_name":"Pann-Ac\u00e9l Kft. weboldala","article_modified_time":"2025-04-07T09:59:27+00:00","og_image":[{"width":2048,"height":1536,"url":"https:\/\/pannacel.hu\/wp-content\/uploads\/2025\/03\/CNC-plazma-es-langvago_kep-scaled.jpg","type":"image\/jpeg"}],"twitter_card":"summary_large_image","twitter_misc":{"Gesch\u00e4tzte Lesezeit":"1\u00a0Minute"},"schema":{"@context":"https:\/\/schema.org","@graph":[{"@type":"WebPage","@id":"https:\/\/pannacel.hu\/de\/unsere-dienstleistungen\/demontage\/","url":"https:\/\/pannacel.hu\/de\/unsere-dienstleistungen\/demontage\/","name":"Demontage - Pann-Ac\u00e9l Kft. weboldala","isPartOf":{"@id":"https:\/\/pannacel.hu\/de\/#website"},"primaryImageOfPage":{"@id":"https:\/\/pannacel.hu\/de\/unsere-dienstleistungen\/demontage\/#primaryimage"},"image":{"@id":"https:\/\/pannacel.hu\/de\/unsere-dienstleistungen\/demontage\/#primaryimage"},"thumbnailUrl":"https:\/\/pannacel.hu\/wp-content\/uploads\/2025\/03\/CNC-plazma-es-langvago_kep-1024x768.jpg","datePublished":"2025-03-24T21:37:12+00:00","dateModified":"2025-04-07T09:59:27+00:00","breadcrumb":{"@id":"https:\/\/pannacel.hu\/de\/unsere-dienstleistungen\/demontage\/#breadcrumb"},"inLanguage":"de","potentialAction":[{"@type":"ReadAction","target":["https:\/\/pannacel.hu\/de\/unsere-dienstleistungen\/demontage\/"]}]},{"@type":"ImageObject","inLanguage":"de","@id":"https:\/\/pannacel.hu\/de\/unsere-dienstleistungen\/demontage\/#primaryimage","url":"https:\/\/pannacel.hu\/wp-content\/uploads\/2025\/03\/CNC-plazma-es-langvago_kep-1024x768.jpg","contentUrl":"https:\/\/pannacel.hu\/wp-content\/uploads\/2025\/03\/CNC-plazma-es-langvago_kep-1024x768.jpg"},{"@type":"BreadcrumbList","@id":"https:\/\/pannacel.hu\/de\/unsere-dienstleistungen\/demontage\/#breadcrumb","itemListElement":[{"@type":"ListItem","position":1,"name":"Home","item":"https:\/\/pannacel.hu\/de\/hauptseite\/"},{"@type":"ListItem","position":2,"name":"Unsere Dienstleistungen","item":"https:\/\/pannacel.hu\/de\/unsere-dienstleistungen\/"},{"@type":"ListItem","position":3,"name":"Demontage"}]},{"@type":"WebSite","@id":"https:\/\/pannacel.hu\/de\/#website","url":"https:\/\/pannacel.hu\/de\/","name":"Pann-Ac\u00e9l Kft.","description":"","publisher":{"@id":"https:\/\/pannacel.hu\/de\/#organization"},"potentialAction":[{"@type":"SearchAction","target":{"@type":"EntryPoint","urlTemplate":"https:\/\/pannacel.hu\/de\/?s={search_term_string}"},"query-input":{"@type":"PropertyValueSpecification","valueRequired":true,"valueName":"search_term_string"}}],"inLanguage":"de"},{"@type":"Organization","@id":"https:\/\/pannacel.hu\/de\/#organization","name":"Pann-Ac\u00e9l Kft.","url":"https:\/\/pannacel.hu\/de\/","logo":{"@type":"ImageObject","inLanguage":"de","@id":"https:\/\/pannacel.hu\/de\/#\/schema\/logo\/image\/","url":"https:\/\/pannacel.hu\/wp-content\/uploads\/2018\/01\/pannacel_logo_red-8.png","contentUrl":"https:\/\/pannacel.hu\/wp-content\/uploads\/2018\/01\/pannacel_logo_red-8.png","width":120,"height":70,"caption":"Pann-Ac\u00e9l Kft."},"image":{"@id":"https:\/\/pannacel.hu\/de\/#\/schema\/logo\/image\/"}}]}},"_links":{"self":[{"href":"https:\/\/pannacel.hu\/de\/wp-json\/wp\/v2\/pages\/1891","targetHints":{"allow":["GET"]}}],"collection":[{"href":"https:\/\/pannacel.hu\/de\/wp-json\/wp\/v2\/pages"}],"about":[{"href":"https:\/\/pannacel.hu\/de\/wp-json\/wp\/v2\/types\/page"}],"author":[{"embeddable":true,"href":"https:\/\/pannacel.hu\/de\/wp-json\/wp\/v2\/users\/1"}],"replies":[{"embeddable":true,"href":"https:\/\/pannacel.hu\/de\/wp-json\/wp\/v2\/comments?post=1891"}],"version-history":[{"count":1,"href":"https:\/\/pannacel.hu\/de\/wp-json\/wp\/v2\/pages\/1891\/revisions"}],"predecessor-version":[{"id":1893,"href":"https:\/\/pannacel.hu\/de\/wp-json\/wp\/v2\/pages\/1891\/revisions\/1893"}],"up":[{"embeddable":true,"href":"https:\/\/pannacel.hu\/de\/wp-json\/wp\/v2\/pages\/1877"}],"wp:attachment":[{"href":"https:\/\/pannacel.hu\/de\/wp-json\/wp\/v2\/media?parent=1891"}],"curies":[{"name":"wp","href":"https:\/\/api.w.org\/{rel}","templated":true}]}}