{"id":1896,"date":"2025-03-24T22:36:33","date_gmt":"2025-03-24T21:36:33","guid":{"rendered":"https:\/\/pannacel.hu\/unsere-dienstleistungen\/schweissen\/"},"modified":"2025-04-07T10:59:29","modified_gmt":"2025-04-07T09:59:29","slug":"schweissen","status":"publish","type":"page","link":"https:\/\/pannacel.hu\/de\/unsere-dienstleistungen\/schweissen\/","title":{"rendered":"Schwei\u00dfen"},"content":{"rendered":"\t\t<div data-elementor-type=\"wp-page\" data-elementor-id=\"1896\" class=\"elementor elementor-1896 elementor-1252\" data-elementor-post-type=\"page\">\n\t\t\t\t<div class=\"elementor-element elementor-element-76aa0ab e-flex e-con-boxed e-con e-parent\" data-id=\"76aa0ab\" data-element_type=\"container\" data-e-type=\"container\" data-settings=\"{&quot;background_background&quot;:&quot;classic&quot;}\">\n\t\t\t\t\t<div class=\"e-con-inner\">\n\t\t\t\t\t<\/div>\n\t\t\t\t<\/div>\n\t\t<div class=\"elementor-element elementor-element-0916dfa e-flex e-con-boxed e-con e-parent\" data-id=\"0916dfa\" data-element_type=\"container\" data-e-type=\"container\">\n\t\t\t\t\t<div class=\"e-con-inner\">\n\t\t\t\t<div class=\"elementor-element elementor-element-775ab5e elementor-widget elementor-widget-heading\" data-id=\"775ab5e\" data-element_type=\"widget\" data-e-type=\"widget\" data-widget_type=\"heading.default\">\n\t\t\t\t<div class=\"elementor-widget-container\">\n\t\t\t\t\t<h1 class=\"elementor-heading-title elementor-size-default\">Schwei\u00dfen<\/h1>\t\t\t\t<\/div>\n\t\t\t\t<\/div>\n\t\t\t\t<div class=\"elementor-element elementor-element-af19d3a elementor-widget elementor-widget-text-editor\" data-id=\"af19d3a\" data-element_type=\"widget\" data-e-type=\"widget\" data-widget_type=\"text-editor.default\">\n\t\t\t\t<div class=\"elementor-widget-container\">\n\t\t\t\t\t\t\t\t\t<p>Unser Unternehmen besch\u00e4ftigt eine externe Schwei\u00dfaufsichtsperson, um Schwei\u00dffehler zu minimieren. Die Schwei\u00dfn\u00e4hte werden von einem externen akkreditierten Labor gepr\u00fcft. Unsere Schwei\u00dfer verf\u00fcgen \u00fcber die notwendige Qualifikation und Ausr\u00fcstung, um ihre Arbeit zu erledigen. Unsere Schwei\u00dfverfahren 141; 135; 136; 111 Materialgruppen: 1.1, 1.2, 8.1<\/p>\t\t\t\t\t\t\t\t<\/div>\n\t\t\t\t<\/div>\n\t\t\t\t\t<\/div>\n\t\t\t\t<\/div>\n\t\t<div class=\"elementor-element elementor-element-5da34f9 e-flex e-con-boxed e-con e-parent\" data-id=\"5da34f9\" data-element_type=\"container\" data-e-type=\"container\">\n\t\t\t\t\t<div class=\"e-con-inner\">\n\t\t<div class=\"elementor-element elementor-element-b393847 e-con-full e-flex e-con e-child\" data-id=\"b393847\" data-element_type=\"container\" data-e-type=\"container\">\n\t\t\t\t<div class=\"elementor-element elementor-element-e1036de elementor-widget elementor-widget-heading\" data-id=\"e1036de\" data-element_type=\"widget\" data-e-type=\"widget\" data-widget_type=\"heading.default\">\n\t\t\t\t<div class=\"elementor-widget-container\">\n\t\t\t\t\t<h2 class=\"elementor-heading-title elementor-size-default\">Kemppi FastMig X 450 Schwei\u00dfger\u00e4t<\/h2>\t\t\t\t<\/div>\n\t\t\t\t<\/div>\n\t\t\t\t<div class=\"elementor-element elementor-element-c42ebb2 elementor-widget elementor-widget-text-editor\" data-id=\"c42ebb2\" data-element_type=\"widget\" data-e-type=\"widget\" data-widget_type=\"text-editor.default\">\n\t\t\t\t<div class=\"elementor-widget-container\">\n\t\t\t\t\t\t\t\t\t<p>Qualit\u00e4t und Zuverl\u00e4ssigkeit sind die Leitprinzipien unseres Unternehmens. Deshalb setzen wir die neueste Technologie ein, um mit unseren Konkurrenten mithalten zu k\u00f6nnen. Daf\u00fcr sorgen die vier Kemppi FastMig X 450, die eine komplette Hightech-Schwei\u00dfl\u00f6sung zum Schwei\u00dfen von Rohren und Blechen bieten. Nahezu alle Schwei\u00dfverfahren sind verf\u00fcgbar: MIG, 1-MIG, gepulstes MIG, MMA und WIG WiseRoot+ ist ein spezielles Wurzelschwei\u00dfverfahren ohne Wurzelst\u00fctze. Hervorragende Schwei\u00dfnaht von der Wurzel bis zur Decknaht mit einem Schwei\u00dfger\u00e4t Erh\u00f6hte Produktivit\u00e4t, niedrigere St\u00fcckkosten M\u00f6glichkeit, verschiedene Schwei\u00dfverfahren zu verwenden: MIG, 1-MIG, gepulstes MIG, MMA und WIG Optimierte Schwei\u00dfeigenschaften f\u00fcr das Wurzelschwei\u00dfen unter Verwendung von CO2 oder gemischten Argon-Schutzgasen Kombinierter (dualer) Drahtvorschub mit einer Stromquelle, f\u00fcr verschiedene Schwei\u00dfdr\u00e4hte MatchChannel-Programm zum \u00c4ndern der Schwei\u00dfparameter w\u00e4hrend des Schwei\u00dfens GT04-Drahtvorschubmechanik mit Doppelmotorantrieb ArcQuality-Kompatibilit\u00e4t f\u00fcr kontinuierliche Qualit\u00e4tskontrolle der Schwei\u00dfnaht Das neue Schwei\u00dfsystem basiert auf der Mehrschritt-Schwei\u00dfmaschine FastMig X 450, die f\u00fcr Wurzel-, Kehlnaht- und Kehlnahtdeckenschwei\u00dfen eingesetzt wird.<\/p>\t\t\t\t\t\t\t\t<\/div>\n\t\t\t\t<\/div>\n\t\t\t\t<\/div>\n\t\t<div class=\"elementor-element elementor-element-2c03ced e-con-full e-flex e-con e-child\" data-id=\"2c03ced\" data-element_type=\"container\" data-e-type=\"container\">\n\t\t\t\t<div class=\"elementor-element elementor-element-7f798a8 elementor-widget elementor-widget-image\" data-id=\"7f798a8\" data-element_type=\"widget\" data-e-type=\"widget\" data-widget_type=\"image.default\">\n\t\t\t\t<div class=\"elementor-widget-container\">\n\t\t\t\t\t\t\t\t\t\t\t\t\t\t\t<img fetchpriority=\"high\" decoding=\"async\" width=\"760\" height=\"1000\" src=\"https:\/\/pannacel.hu\/wp-content\/uploads\/2025\/03\/arc-mig-inverter-welding-machine-1000x1000-1.webp\" class=\"attachment-large size-large wp-image-1747\" alt=\"\" srcset=\"https:\/\/pannacel.hu\/wp-content\/uploads\/2025\/03\/arc-mig-inverter-welding-machine-1000x1000-1.webp 760w, https:\/\/pannacel.hu\/wp-content\/uploads\/2025\/03\/arc-mig-inverter-welding-machine-1000x1000-1-228x300.webp 228w\" sizes=\"(max-width: 760px) 100vw, 760px\" \/>\t\t\t\t\t\t\t\t\t\t\t\t\t\t\t<\/div>\n\t\t\t\t<\/div>\n\t\t\t\t<\/div>\n\t\t\t\t\t<\/div>\n\t\t\t\t<\/div>\n\t\t<div class=\"elementor-element elementor-element-d3ba31a e-flex e-con-boxed e-con e-parent\" data-id=\"d3ba31a\" data-element_type=\"container\" data-e-type=\"container\">\n\t\t\t\t\t<div class=\"e-con-inner\">\n\t\t<div class=\"elementor-element elementor-element-75d116f e-con-full e-flex e-con e-child\" data-id=\"75d116f\" data-element_type=\"container\" data-e-type=\"container\">\n\t\t\t\t<div class=\"elementor-element elementor-element-3cd0370 elementor-widget elementor-widget-image\" data-id=\"3cd0370\" data-element_type=\"widget\" data-e-type=\"widget\" data-widget_type=\"image.default\">\n\t\t\t\t<div class=\"elementor-widget-container\">\n\t\t\t\t\t\t\t\t\t\t\t\t\t\t\t<img decoding=\"async\" width=\"300\" height=\"300\" src=\"https:\/\/pannacel.hu\/wp-content\/uploads\/2025\/03\/Inverter_kep.jpg\" class=\"attachment-large size-large wp-image-1817\" alt=\"\" srcset=\"https:\/\/pannacel.hu\/wp-content\/uploads\/2025\/03\/Inverter_kep.jpg 300w, https:\/\/pannacel.hu\/wp-content\/uploads\/2025\/03\/Inverter_kep-150x150.jpg 150w\" sizes=\"(max-width: 300px) 100vw, 300px\" \/>\t\t\t\t\t\t\t\t\t\t\t\t\t\t\t<\/div>\n\t\t\t\t<\/div>\n\t\t\t\t<\/div>\n\t\t<div class=\"elementor-element elementor-element-8b94f77 e-con-full e-flex e-con e-child\" data-id=\"8b94f77\" data-element_type=\"container\" data-e-type=\"container\">\n\t\t\t\t<div class=\"elementor-element elementor-element-c3b7e93 elementor-widget elementor-widget-heading\" data-id=\"c3b7e93\" data-element_type=\"widget\" data-e-type=\"widget\" data-widget_type=\"heading.default\">\n\t\t\t\t<div class=\"elementor-widget-container\">\n\t\t\t\t\t<h2 class=\"elementor-heading-title elementor-size-default\">Professionelle WIG-Ger\u00e4te f\u00fcr schwierige Bedingungen\n\n Invertec\u00ae 300TPX Ger\u00e4te<\/h2>\t\t\t\t<\/div>\n\t\t\t\t<\/div>\n\t\t\t\t<div class=\"elementor-element elementor-element-c9c6670 elementor-widget elementor-widget-text-editor\" data-id=\"c9c6670\" data-element_type=\"widget\" data-e-type=\"widget\" data-widget_type=\"text-editor.default\">\n\t\t\t\t<div class=\"elementor-widget-container\">\n\t\t\t\t\t\t\t\t\t<p>haben ein leichtes, aber solides Geh\u00e4use, wodurch sie leicht zu handhaben und ideal f\u00fcr die Arbeit unter h\u00e4rtesten Bedingungen sind. Sie verf\u00fcgen \u00fcber eine ber\u00fchrungslose Hochfrequenz-WIG-HF- oder Kontakt-Lift-WIG-Z\u00fcndung, 2 oder 4 H\u00fcbe, einstellbaren Stromabfall und -anstieg, Gasentladung, digitale Instrumente mit &#8222;Hold&#8220;-Funktion und eingebautem einstellbaren Frequenzimpuls. Ein einzigartiges Voreinstellungssystem erm\u00f6glicht HF-Z\u00fcndung unter allen Bedingungen, 10 programmierbare Speicherpl\u00e4tze und WIG-Punktschwei\u00dfen erg\u00e4nzen die vorhandenen Optionen. Das Schwei\u00dfen ist mit jeder Elektrode m\u00f6glich, auch mit Zelluloseelektroden. Durch den Anschluss an COOL ARC\u00ae 21 (TPX 300) oder COOL ARC\u00ae 46 (TPX 400) kann ein fl\u00fcssigkeitsgek\u00fchltes System einfach zusammengestellt werden. Robuste, stabile und gut ausgestattete Wagen stehen ebenfalls zur Verf\u00fcgung, um die Ger\u00e4te frei zu bewegen. Die wichtigsten Vorteile: &#8211; Fortschrittliche Invertertechnologie f\u00fcr gro\u00dfartige Ergebnisse beim WIG-Schwei\u00dfen &#8211; Voll funktionsf\u00e4higes und benutzerfreundliches Frontpanel mit grafischem und numerischem Display macht die Parametereinstellung sehr einfach &#8211; Solide Konstruktion, elektrische Sicherheit (IP23), speziell gesch\u00fctzte Elektronikplatten und optimierter Luftstrom, all dies verl\u00e4ngert die Lebensdauer des Ger\u00e4ts selbst in den widrigsten Umgebungen &#8211; Hochfrequenz- (HF) und Ber\u00fchrungslichtbogenz\u00fcndung (Lift WIG) erf\u00fcllt alle Anforderungen &#8211; Gro\u00dfartige WIG-HF-Z\u00fcndung mit einstellbaren Parametern &#8211; WIG-Impuls- und WIG-Schwei\u00dfen alle Einstellungen haben eine einstellbare Frequenz, damit Sie den Lichtbogenfokus an die Anwendung anpassen k\u00f6nnen, 10 Speicherpl\u00e4tze zur Speicherung individueller Parameter, WIG-Punktschwei\u00dfen<\/p>\t\t\t\t\t\t\t\t<\/div>\n\t\t\t\t<\/div>\n\t\t\t\t<\/div>\n\t\t\t\t\t<\/div>\n\t\t\t\t<\/div>\n\t\t\t\t<\/div>\n\t\t","protected":false},"excerpt":{"rendered":"<p>Schwei\u00dfen Unser Unternehmen besch\u00e4ftigt eine externe Schwei\u00dfaufsichtsperson, um Schwei\u00dffehler zu minimieren. Die Schwei\u00dfn\u00e4hte werden von einem externen akkreditierten Labor gepr\u00fcft. Unsere Schwei\u00dfer verf\u00fcgen \u00fcber die notwendige Qualifikation und Ausr\u00fcstung, um ihre Arbeit zu erledigen. Unsere Schwei\u00dfverfahren 141; 135; 136; 111 Materialgruppen: 1.1, 1.2, 8.1 Kemppi FastMig X 450 Schwei\u00dfger\u00e4t Qualit\u00e4t und Zuverl\u00e4ssigkeit sind die Leitprinzipien [&hellip;]<\/p>\n","protected":false},"author":1,"featured_media":0,"parent":1877,"menu_order":0,"comment_status":"closed","ping_status":"closed","template":"elementor_header_footer","meta":{"footnotes":""},"class_list":["post-1896","page","type-page","status-publish","hentry"],"yoast_head":"<!-- This site is optimized with the Yoast SEO plugin v27.5 - https:\/\/yoast.com\/product\/yoast-seo-wordpress\/ -->\n<title>Schwei\u00dfen - Pann-Ac\u00e9l Kft. weboldala<\/title>\n<meta name=\"robots\" content=\"index, follow, max-snippet:-1, max-image-preview:large, max-video-preview:-1\" \/>\n<link rel=\"canonical\" href=\"https:\/\/pannacel.hu\/de\/unsere-dienstleistungen\/schweissen\/\" \/>\n<meta property=\"og:locale\" content=\"de_DE\" \/>\n<meta property=\"og:type\" content=\"article\" \/>\n<meta property=\"og:title\" content=\"Schwei\u00dfen - Pann-Ac\u00e9l Kft. weboldala\" \/>\n<meta property=\"og:description\" content=\"Schwei\u00dfen Unser Unternehmen besch\u00e4ftigt eine externe Schwei\u00dfaufsichtsperson, um Schwei\u00dffehler zu minimieren. Die Schwei\u00dfn\u00e4hte werden von einem externen akkreditierten Labor gepr\u00fcft. Unsere Schwei\u00dfer verf\u00fcgen \u00fcber die notwendige Qualifikation und Ausr\u00fcstung, um ihre Arbeit zu erledigen. Unsere Schwei\u00dfverfahren 141; 135; 136; 111 Materialgruppen: 1.1, 1.2, 8.1 Kemppi FastMig X 450 Schwei\u00dfger\u00e4t Qualit\u00e4t und Zuverl\u00e4ssigkeit sind die Leitprinzipien [&hellip;]\" \/>\n<meta property=\"og:url\" content=\"https:\/\/pannacel.hu\/de\/unsere-dienstleistungen\/schweissen\/\" \/>\n<meta property=\"og:site_name\" content=\"Pann-Ac\u00e9l Kft. weboldala\" \/>\n<meta property=\"article:modified_time\" content=\"2025-04-07T09:59:29+00:00\" \/>\n<meta property=\"og:image\" content=\"https:\/\/pannacel.hu\/wp-content\/uploads\/2025\/03\/arc-mig-inverter-welding-machine-1000x1000-1.webp\" \/>\n\t<meta property=\"og:image:width\" content=\"760\" \/>\n\t<meta property=\"og:image:height\" content=\"1000\" \/>\n\t<meta property=\"og:image:type\" content=\"image\/webp\" \/>\n<meta name=\"twitter:card\" content=\"summary_large_image\" \/>\n<meta name=\"twitter:label1\" content=\"Gesch\u00e4tzte Lesezeit\" \/>\n\t<meta name=\"twitter:data1\" content=\"2\u00a0Minuten\" \/>\n<script type=\"application\/ld+json\" class=\"yoast-schema-graph\">{\"@context\":\"https:\\\/\\\/schema.org\",\"@graph\":[{\"@type\":\"WebPage\",\"@id\":\"https:\\\/\\\/pannacel.hu\\\/de\\\/unsere-dienstleistungen\\\/schweissen\\\/\",\"url\":\"https:\\\/\\\/pannacel.hu\\\/de\\\/unsere-dienstleistungen\\\/schweissen\\\/\",\"name\":\"Schwei\u00dfen - Pann-Ac\u00e9l Kft. weboldala\",\"isPartOf\":{\"@id\":\"https:\\\/\\\/pannacel.hu\\\/de\\\/#website\"},\"primaryImageOfPage\":{\"@id\":\"https:\\\/\\\/pannacel.hu\\\/de\\\/unsere-dienstleistungen\\\/schweissen\\\/#primaryimage\"},\"image\":{\"@id\":\"https:\\\/\\\/pannacel.hu\\\/de\\\/unsere-dienstleistungen\\\/schweissen\\\/#primaryimage\"},\"thumbnailUrl\":\"https:\\\/\\\/pannacel.hu\\\/wp-content\\\/uploads\\\/2025\\\/03\\\/arc-mig-inverter-welding-machine-1000x1000-1.webp\",\"datePublished\":\"2025-03-24T21:36:33+00:00\",\"dateModified\":\"2025-04-07T09:59:29+00:00\",\"breadcrumb\":{\"@id\":\"https:\\\/\\\/pannacel.hu\\\/de\\\/unsere-dienstleistungen\\\/schweissen\\\/#breadcrumb\"},\"inLanguage\":\"de\",\"potentialAction\":[{\"@type\":\"ReadAction\",\"target\":[\"https:\\\/\\\/pannacel.hu\\\/de\\\/unsere-dienstleistungen\\\/schweissen\\\/\"]}]},{\"@type\":\"ImageObject\",\"inLanguage\":\"de\",\"@id\":\"https:\\\/\\\/pannacel.hu\\\/de\\\/unsere-dienstleistungen\\\/schweissen\\\/#primaryimage\",\"url\":\"https:\\\/\\\/pannacel.hu\\\/wp-content\\\/uploads\\\/2025\\\/03\\\/arc-mig-inverter-welding-machine-1000x1000-1.webp\",\"contentUrl\":\"https:\\\/\\\/pannacel.hu\\\/wp-content\\\/uploads\\\/2025\\\/03\\\/arc-mig-inverter-welding-machine-1000x1000-1.webp\"},{\"@type\":\"BreadcrumbList\",\"@id\":\"https:\\\/\\\/pannacel.hu\\\/de\\\/unsere-dienstleistungen\\\/schweissen\\\/#breadcrumb\",\"itemListElement\":[{\"@type\":\"ListItem\",\"position\":1,\"name\":\"Home\",\"item\":\"https:\\\/\\\/pannacel.hu\\\/de\\\/hauptseite\\\/\"},{\"@type\":\"ListItem\",\"position\":2,\"name\":\"Unsere Dienstleistungen\",\"item\":\"https:\\\/\\\/pannacel.hu\\\/de\\\/unsere-dienstleistungen\\\/\"},{\"@type\":\"ListItem\",\"position\":3,\"name\":\"Schwei\u00dfen\"}]},{\"@type\":\"WebSite\",\"@id\":\"https:\\\/\\\/pannacel.hu\\\/de\\\/#website\",\"url\":\"https:\\\/\\\/pannacel.hu\\\/de\\\/\",\"name\":\"Pann-Ac\u00e9l Kft.\",\"description\":\"\",\"publisher\":{\"@id\":\"https:\\\/\\\/pannacel.hu\\\/de\\\/#organization\"},\"potentialAction\":[{\"@type\":\"SearchAction\",\"target\":{\"@type\":\"EntryPoint\",\"urlTemplate\":\"https:\\\/\\\/pannacel.hu\\\/de\\\/?s={search_term_string}\"},\"query-input\":{\"@type\":\"PropertyValueSpecification\",\"valueRequired\":true,\"valueName\":\"search_term_string\"}}],\"inLanguage\":\"de\"},{\"@type\":\"Organization\",\"@id\":\"https:\\\/\\\/pannacel.hu\\\/de\\\/#organization\",\"name\":\"Pann-Ac\u00e9l Kft.\",\"url\":\"https:\\\/\\\/pannacel.hu\\\/de\\\/\",\"logo\":{\"@type\":\"ImageObject\",\"inLanguage\":\"de\",\"@id\":\"https:\\\/\\\/pannacel.hu\\\/de\\\/#\\\/schema\\\/logo\\\/image\\\/\",\"url\":\"https:\\\/\\\/pannacel.hu\\\/wp-content\\\/uploads\\\/2018\\\/01\\\/pannacel_logo_red-8.png\",\"contentUrl\":\"https:\\\/\\\/pannacel.hu\\\/wp-content\\\/uploads\\\/2018\\\/01\\\/pannacel_logo_red-8.png\",\"width\":120,\"height\":70,\"caption\":\"Pann-Ac\u00e9l Kft.\"},\"image\":{\"@id\":\"https:\\\/\\\/pannacel.hu\\\/de\\\/#\\\/schema\\\/logo\\\/image\\\/\"}}]}<\/script>\n<!-- \/ Yoast SEO plugin. -->","yoast_head_json":{"title":"Schwei\u00dfen - Pann-Ac\u00e9l Kft. weboldala","robots":{"index":"index","follow":"follow","max-snippet":"max-snippet:-1","max-image-preview":"max-image-preview:large","max-video-preview":"max-video-preview:-1"},"canonical":"https:\/\/pannacel.hu\/de\/unsere-dienstleistungen\/schweissen\/","og_locale":"de_DE","og_type":"article","og_title":"Schwei\u00dfen - Pann-Ac\u00e9l Kft. weboldala","og_description":"Schwei\u00dfen Unser Unternehmen besch\u00e4ftigt eine externe Schwei\u00dfaufsichtsperson, um Schwei\u00dffehler zu minimieren. Die Schwei\u00dfn\u00e4hte werden von einem externen akkreditierten Labor gepr\u00fcft. Unsere Schwei\u00dfer verf\u00fcgen \u00fcber die notwendige Qualifikation und Ausr\u00fcstung, um ihre Arbeit zu erledigen. Unsere Schwei\u00dfverfahren 141; 135; 136; 111 Materialgruppen: 1.1, 1.2, 8.1 Kemppi FastMig X 450 Schwei\u00dfger\u00e4t Qualit\u00e4t und Zuverl\u00e4ssigkeit sind die Leitprinzipien [&hellip;]","og_url":"https:\/\/pannacel.hu\/de\/unsere-dienstleistungen\/schweissen\/","og_site_name":"Pann-Ac\u00e9l Kft. weboldala","article_modified_time":"2025-04-07T09:59:29+00:00","og_image":[{"width":760,"height":1000,"url":"https:\/\/pannacel.hu\/wp-content\/uploads\/2025\/03\/arc-mig-inverter-welding-machine-1000x1000-1.webp","type":"image\/webp"}],"twitter_card":"summary_large_image","twitter_misc":{"Gesch\u00e4tzte Lesezeit":"2\u00a0Minuten"},"schema":{"@context":"https:\/\/schema.org","@graph":[{"@type":"WebPage","@id":"https:\/\/pannacel.hu\/de\/unsere-dienstleistungen\/schweissen\/","url":"https:\/\/pannacel.hu\/de\/unsere-dienstleistungen\/schweissen\/","name":"Schwei\u00dfen - Pann-Ac\u00e9l Kft. weboldala","isPartOf":{"@id":"https:\/\/pannacel.hu\/de\/#website"},"primaryImageOfPage":{"@id":"https:\/\/pannacel.hu\/de\/unsere-dienstleistungen\/schweissen\/#primaryimage"},"image":{"@id":"https:\/\/pannacel.hu\/de\/unsere-dienstleistungen\/schweissen\/#primaryimage"},"thumbnailUrl":"https:\/\/pannacel.hu\/wp-content\/uploads\/2025\/03\/arc-mig-inverter-welding-machine-1000x1000-1.webp","datePublished":"2025-03-24T21:36:33+00:00","dateModified":"2025-04-07T09:59:29+00:00","breadcrumb":{"@id":"https:\/\/pannacel.hu\/de\/unsere-dienstleistungen\/schweissen\/#breadcrumb"},"inLanguage":"de","potentialAction":[{"@type":"ReadAction","target":["https:\/\/pannacel.hu\/de\/unsere-dienstleistungen\/schweissen\/"]}]},{"@type":"ImageObject","inLanguage":"de","@id":"https:\/\/pannacel.hu\/de\/unsere-dienstleistungen\/schweissen\/#primaryimage","url":"https:\/\/pannacel.hu\/wp-content\/uploads\/2025\/03\/arc-mig-inverter-welding-machine-1000x1000-1.webp","contentUrl":"https:\/\/pannacel.hu\/wp-content\/uploads\/2025\/03\/arc-mig-inverter-welding-machine-1000x1000-1.webp"},{"@type":"BreadcrumbList","@id":"https:\/\/pannacel.hu\/de\/unsere-dienstleistungen\/schweissen\/#breadcrumb","itemListElement":[{"@type":"ListItem","position":1,"name":"Home","item":"https:\/\/pannacel.hu\/de\/hauptseite\/"},{"@type":"ListItem","position":2,"name":"Unsere Dienstleistungen","item":"https:\/\/pannacel.hu\/de\/unsere-dienstleistungen\/"},{"@type":"ListItem","position":3,"name":"Schwei\u00dfen"}]},{"@type":"WebSite","@id":"https:\/\/pannacel.hu\/de\/#website","url":"https:\/\/pannacel.hu\/de\/","name":"Pann-Ac\u00e9l Kft.","description":"","publisher":{"@id":"https:\/\/pannacel.hu\/de\/#organization"},"potentialAction":[{"@type":"SearchAction","target":{"@type":"EntryPoint","urlTemplate":"https:\/\/pannacel.hu\/de\/?s={search_term_string}"},"query-input":{"@type":"PropertyValueSpecification","valueRequired":true,"valueName":"search_term_string"}}],"inLanguage":"de"},{"@type":"Organization","@id":"https:\/\/pannacel.hu\/de\/#organization","name":"Pann-Ac\u00e9l Kft.","url":"https:\/\/pannacel.hu\/de\/","logo":{"@type":"ImageObject","inLanguage":"de","@id":"https:\/\/pannacel.hu\/de\/#\/schema\/logo\/image\/","url":"https:\/\/pannacel.hu\/wp-content\/uploads\/2018\/01\/pannacel_logo_red-8.png","contentUrl":"https:\/\/pannacel.hu\/wp-content\/uploads\/2018\/01\/pannacel_logo_red-8.png","width":120,"height":70,"caption":"Pann-Ac\u00e9l Kft."},"image":{"@id":"https:\/\/pannacel.hu\/de\/#\/schema\/logo\/image\/"}}]}},"_links":{"self":[{"href":"https:\/\/pannacel.hu\/de\/wp-json\/wp\/v2\/pages\/1896","targetHints":{"allow":["GET"]}}],"collection":[{"href":"https:\/\/pannacel.hu\/de\/wp-json\/wp\/v2\/pages"}],"about":[{"href":"https:\/\/pannacel.hu\/de\/wp-json\/wp\/v2\/types\/page"}],"author":[{"embeddable":true,"href":"https:\/\/pannacel.hu\/de\/wp-json\/wp\/v2\/users\/1"}],"replies":[{"embeddable":true,"href":"https:\/\/pannacel.hu\/de\/wp-json\/wp\/v2\/comments?post=1896"}],"version-history":[{"count":1,"href":"https:\/\/pannacel.hu\/de\/wp-json\/wp\/v2\/pages\/1896\/revisions"}],"predecessor-version":[{"id":1897,"href":"https:\/\/pannacel.hu\/de\/wp-json\/wp\/v2\/pages\/1896\/revisions\/1897"}],"up":[{"embeddable":true,"href":"https:\/\/pannacel.hu\/de\/wp-json\/wp\/v2\/pages\/1877"}],"wp:attachment":[{"href":"https:\/\/pannacel.hu\/de\/wp-json\/wp\/v2\/media?parent=1896"}],"curies":[{"name":"wp","href":"https:\/\/api.w.org\/{rel}","templated":true}]}}