{"id":1901,"date":"2025-03-24T22:37:34","date_gmt":"2025-03-24T21:37:34","guid":{"rendered":"https:\/\/pannacel.hu\/unsere-dienstleistungen\/oberflaechenbehandlung-und-korrosionsschutz\/"},"modified":"2025-04-07T10:59:29","modified_gmt":"2025-04-07T09:59:29","slug":"oberflaechenbehandlung-und-korrosionsschutz","status":"publish","type":"page","link":"https:\/\/pannacel.hu\/de\/unsere-dienstleistungen\/oberflaechenbehandlung-und-korrosionsschutz\/","title":{"rendered":"Oberfl\u00e4chenbehandlung und Korrosionsschutz"},"content":{"rendered":"\t\t<div data-elementor-type=\"wp-page\" data-elementor-id=\"1901\" class=\"elementor elementor-1901 elementor-1254\" data-elementor-post-type=\"page\">\n\t\t\t\t<div class=\"elementor-element elementor-element-b377876 e-flex e-con-boxed e-con e-parent\" data-id=\"b377876\" data-element_type=\"container\" data-e-type=\"container\" data-settings=\"{&quot;background_background&quot;:&quot;classic&quot;}\">\n\t\t\t\t\t<div class=\"e-con-inner\">\n\t\t\t\t\t<\/div>\n\t\t\t\t<\/div>\n\t\t<div class=\"elementor-element elementor-element-abdd0bc e-flex e-con-boxed e-con e-parent\" data-id=\"abdd0bc\" data-element_type=\"container\" data-e-type=\"container\">\n\t\t\t\t\t<div class=\"e-con-inner\">\n\t\t\t\t<div class=\"elementor-element elementor-element-951a1ce elementor-widget elementor-widget-heading\" data-id=\"951a1ce\" data-element_type=\"widget\" data-e-type=\"widget\" data-widget_type=\"heading.default\">\n\t\t\t\t<div class=\"elementor-widget-container\">\n\t\t\t\t\t<h1 class=\"elementor-heading-title elementor-size-default\">Oberfl\u00e4chenbehandlung und Korrosionsschutz<\/h1>\t\t\t\t<\/div>\n\t\t\t\t<\/div>\n\t\t\t\t<div class=\"elementor-element elementor-element-7fa65e8 elementor-widget elementor-widget-text-editor\" data-id=\"7fa65e8\" data-element_type=\"widget\" data-e-type=\"widget\" data-widget_type=\"text-editor.default\">\n\t\t\t\t<div class=\"elementor-widget-container\">\n\t\t\t\t\t\t\t\t\t<p>Die verwendeten Rohmaterialien werden mit einem ISO 8501-konformen Sandstrahlverfahren gereinigt, um<br>Verunreinigungen in dem vom Kunden gew\u00fcnschten Umfang zu entfernen. Die Lackierung erfolgt in unserer beheizten Anlage in Mez\u0151falva.<br>Unser Unternehmen verf\u00fcgt \u00fcber Wagner-Spritzlackieranlagen, so dass wir das gew\u00fcnschte Beschichtungssystem<br>oder sogar feuerhemmende Beschichtungen nach EN ISO 12944 entweder gespritzt oder gestreut auftragen k\u00f6nnen. Unsere Anlagen befinden sich 20 km<br>von dem bekanntesten Feuerverzinkungsunternehmen in Ungarn entfernt, so dass wir<br>auch feuerverzinkte Konstruktionen herstellen.<\/p>\t\t\t\t\t\t\t\t<\/div>\n\t\t\t\t<\/div>\n\t\t\t\t\t<\/div>\n\t\t\t\t<\/div>\n\t\t<div class=\"elementor-element elementor-element-fb5645f e-flex e-con-boxed e-con e-parent\" data-id=\"fb5645f\" data-element_type=\"container\" data-e-type=\"container\">\n\t\t\t\t\t<div class=\"e-con-inner\">\n\t\t<div class=\"elementor-element elementor-element-af4170b e-con-full e-flex e-con e-child\" data-id=\"af4170b\" data-element_type=\"container\" data-e-type=\"container\">\n\t\t\t\t<div class=\"elementor-element elementor-element-b4cc347 elementor-widget elementor-widget-image\" data-id=\"b4cc347\" data-element_type=\"widget\" data-e-type=\"widget\" data-widget_type=\"image.default\">\n\t\t\t\t<div class=\"elementor-widget-container\">\n\t\t\t\t\t\t\t\t\t\t\t\t\t\t\t<img fetchpriority=\"high\" decoding=\"async\" width=\"403\" height=\"227\" src=\"https:\/\/pannacel.hu\/wp-content\/uploads\/2025\/03\/apannacel-3.jpg\" class=\"attachment-large size-large wp-image-1825\" alt=\"\" srcset=\"https:\/\/pannacel.hu\/wp-content\/uploads\/2025\/03\/apannacel-3.jpg 403w, https:\/\/pannacel.hu\/wp-content\/uploads\/2025\/03\/apannacel-3-300x169.jpg 300w\" sizes=\"(max-width: 403px) 100vw, 403px\" \/>\t\t\t\t\t\t\t\t\t\t\t\t\t\t\t<\/div>\n\t\t\t\t<\/div>\n\t\t\t\t<\/div>\n\t\t<div class=\"elementor-element elementor-element-34248ec e-con-full e-flex e-con e-child\" data-id=\"34248ec\" data-element_type=\"container\" data-e-type=\"container\">\n\t\t\t\t<div class=\"elementor-element elementor-element-63e964e elementor-widget elementor-widget-image\" data-id=\"63e964e\" data-element_type=\"widget\" data-e-type=\"widget\" data-widget_type=\"image.default\">\n\t\t\t\t<div class=\"elementor-widget-container\">\n\t\t\t\t\t\t\t\t\t\t\t\t\t\t\t<img decoding=\"async\" width=\"800\" height=\"533\" src=\"https:\/\/pannacel.hu\/wp-content\/uploads\/2025\/03\/apannacel-2-1024x682.jpg\" class=\"attachment-large size-large wp-image-1823\" alt=\"\" srcset=\"https:\/\/pannacel.hu\/wp-content\/uploads\/2025\/03\/apannacel-2-1024x682.jpg 1024w, https:\/\/pannacel.hu\/wp-content\/uploads\/2025\/03\/apannacel-2-300x200.jpg 300w, https:\/\/pannacel.hu\/wp-content\/uploads\/2025\/03\/apannacel-2-768x512.jpg 768w, https:\/\/pannacel.hu\/wp-content\/uploads\/2025\/03\/apannacel-2.jpg 1259w\" sizes=\"(max-width: 800px) 100vw, 800px\" \/>\t\t\t\t\t\t\t\t\t\t\t\t\t\t\t<\/div>\n\t\t\t\t<\/div>\n\t\t\t\t<\/div>\n\t\t\t\t\t<\/div>\n\t\t\t\t<\/div>\n\t\t\t\t<\/div>\n\t\t","protected":false},"excerpt":{"rendered":"<p>Oberfl\u00e4chenbehandlung und Korrosionsschutz Die verwendeten Rohmaterialien werden mit einem ISO 8501-konformen Sandstrahlverfahren gereinigt, umVerunreinigungen in dem vom Kunden gew\u00fcnschten Umfang zu entfernen. Die Lackierung erfolgt in unserer beheizten Anlage in Mez\u0151falva.Unser Unternehmen verf\u00fcgt \u00fcber Wagner-Spritzlackieranlagen, so dass wir das gew\u00fcnschte Beschichtungssystemoder sogar feuerhemmende Beschichtungen nach EN ISO 12944 entweder gespritzt oder gestreut auftragen k\u00f6nnen. Unsere [&hellip;]<\/p>\n","protected":false},"author":1,"featured_media":0,"parent":1877,"menu_order":0,"comment_status":"closed","ping_status":"closed","template":"elementor_header_footer","meta":{"footnotes":""},"class_list":["post-1901","page","type-page","status-publish","hentry"],"yoast_head":"<!-- This site is optimized with the Yoast SEO plugin v27.5 - https:\/\/yoast.com\/product\/yoast-seo-wordpress\/ -->\n<title>Oberfl\u00e4chenbehandlung und Korrosionsschutz - Pann-Ac\u00e9l Kft. weboldala<\/title>\n<meta name=\"robots\" content=\"index, follow, max-snippet:-1, max-image-preview:large, max-video-preview:-1\" \/>\n<link rel=\"canonical\" href=\"https:\/\/pannacel.hu\/de\/unsere-dienstleistungen\/oberflaechenbehandlung-und-korrosionsschutz\/\" \/>\n<meta property=\"og:locale\" content=\"de_DE\" \/>\n<meta property=\"og:type\" content=\"article\" \/>\n<meta property=\"og:title\" content=\"Oberfl\u00e4chenbehandlung und Korrosionsschutz - Pann-Ac\u00e9l Kft. weboldala\" \/>\n<meta property=\"og:description\" content=\"Oberfl\u00e4chenbehandlung und Korrosionsschutz Die verwendeten Rohmaterialien werden mit einem ISO 8501-konformen Sandstrahlverfahren gereinigt, umVerunreinigungen in dem vom Kunden gew\u00fcnschten Umfang zu entfernen. Die Lackierung erfolgt in unserer beheizten Anlage in Mez\u0151falva.Unser Unternehmen verf\u00fcgt \u00fcber Wagner-Spritzlackieranlagen, so dass wir das gew\u00fcnschte Beschichtungssystemoder sogar feuerhemmende Beschichtungen nach EN ISO 12944 entweder gespritzt oder gestreut auftragen k\u00f6nnen. Unsere [&hellip;]\" \/>\n<meta property=\"og:url\" content=\"https:\/\/pannacel.hu\/de\/unsere-dienstleistungen\/oberflaechenbehandlung-und-korrosionsschutz\/\" \/>\n<meta property=\"og:site_name\" content=\"Pann-Ac\u00e9l Kft. weboldala\" \/>\n<meta property=\"article:modified_time\" content=\"2025-04-07T09:59:29+00:00\" \/>\n<meta property=\"og:image\" content=\"https:\/\/pannacel.hu\/wp-content\/uploads\/2025\/03\/apannacel-3.jpg\" \/>\n\t<meta property=\"og:image:width\" content=\"403\" \/>\n\t<meta property=\"og:image:height\" content=\"227\" \/>\n\t<meta property=\"og:image:type\" content=\"image\/jpeg\" \/>\n<meta name=\"twitter:card\" content=\"summary_large_image\" \/>\n<script type=\"application\/ld+json\" class=\"yoast-schema-graph\">{\"@context\":\"https:\\\/\\\/schema.org\",\"@graph\":[{\"@type\":\"WebPage\",\"@id\":\"https:\\\/\\\/pannacel.hu\\\/de\\\/unsere-dienstleistungen\\\/oberflaechenbehandlung-und-korrosionsschutz\\\/\",\"url\":\"https:\\\/\\\/pannacel.hu\\\/de\\\/unsere-dienstleistungen\\\/oberflaechenbehandlung-und-korrosionsschutz\\\/\",\"name\":\"Oberfl\u00e4chenbehandlung und Korrosionsschutz - Pann-Ac\u00e9l Kft. weboldala\",\"isPartOf\":{\"@id\":\"https:\\\/\\\/pannacel.hu\\\/de\\\/#website\"},\"primaryImageOfPage\":{\"@id\":\"https:\\\/\\\/pannacel.hu\\\/de\\\/unsere-dienstleistungen\\\/oberflaechenbehandlung-und-korrosionsschutz\\\/#primaryimage\"},\"image\":{\"@id\":\"https:\\\/\\\/pannacel.hu\\\/de\\\/unsere-dienstleistungen\\\/oberflaechenbehandlung-und-korrosionsschutz\\\/#primaryimage\"},\"thumbnailUrl\":\"https:\\\/\\\/pannacel.hu\\\/wp-content\\\/uploads\\\/2025\\\/03\\\/apannacel-3.jpg\",\"datePublished\":\"2025-03-24T21:37:34+00:00\",\"dateModified\":\"2025-04-07T09:59:29+00:00\",\"breadcrumb\":{\"@id\":\"https:\\\/\\\/pannacel.hu\\\/de\\\/unsere-dienstleistungen\\\/oberflaechenbehandlung-und-korrosionsschutz\\\/#breadcrumb\"},\"inLanguage\":\"de\",\"potentialAction\":[{\"@type\":\"ReadAction\",\"target\":[\"https:\\\/\\\/pannacel.hu\\\/de\\\/unsere-dienstleistungen\\\/oberflaechenbehandlung-und-korrosionsschutz\\\/\"]}]},{\"@type\":\"ImageObject\",\"inLanguage\":\"de\",\"@id\":\"https:\\\/\\\/pannacel.hu\\\/de\\\/unsere-dienstleistungen\\\/oberflaechenbehandlung-und-korrosionsschutz\\\/#primaryimage\",\"url\":\"https:\\\/\\\/pannacel.hu\\\/wp-content\\\/uploads\\\/2025\\\/03\\\/apannacel-3.jpg\",\"contentUrl\":\"https:\\\/\\\/pannacel.hu\\\/wp-content\\\/uploads\\\/2025\\\/03\\\/apannacel-3.jpg\"},{\"@type\":\"BreadcrumbList\",\"@id\":\"https:\\\/\\\/pannacel.hu\\\/de\\\/unsere-dienstleistungen\\\/oberflaechenbehandlung-und-korrosionsschutz\\\/#breadcrumb\",\"itemListElement\":[{\"@type\":\"ListItem\",\"position\":1,\"name\":\"Home\",\"item\":\"https:\\\/\\\/pannacel.hu\\\/de\\\/hauptseite\\\/\"},{\"@type\":\"ListItem\",\"position\":2,\"name\":\"Unsere Dienstleistungen\",\"item\":\"https:\\\/\\\/pannacel.hu\\\/de\\\/unsere-dienstleistungen\\\/\"},{\"@type\":\"ListItem\",\"position\":3,\"name\":\"Oberfl\u00e4chenbehandlung und Korrosionsschutz\"}]},{\"@type\":\"WebSite\",\"@id\":\"https:\\\/\\\/pannacel.hu\\\/de\\\/#website\",\"url\":\"https:\\\/\\\/pannacel.hu\\\/de\\\/\",\"name\":\"Pann-Ac\u00e9l Kft.\",\"description\":\"\",\"publisher\":{\"@id\":\"https:\\\/\\\/pannacel.hu\\\/de\\\/#organization\"},\"potentialAction\":[{\"@type\":\"SearchAction\",\"target\":{\"@type\":\"EntryPoint\",\"urlTemplate\":\"https:\\\/\\\/pannacel.hu\\\/de\\\/?s={search_term_string}\"},\"query-input\":{\"@type\":\"PropertyValueSpecification\",\"valueRequired\":true,\"valueName\":\"search_term_string\"}}],\"inLanguage\":\"de\"},{\"@type\":\"Organization\",\"@id\":\"https:\\\/\\\/pannacel.hu\\\/de\\\/#organization\",\"name\":\"Pann-Ac\u00e9l Kft.\",\"url\":\"https:\\\/\\\/pannacel.hu\\\/de\\\/\",\"logo\":{\"@type\":\"ImageObject\",\"inLanguage\":\"de\",\"@id\":\"https:\\\/\\\/pannacel.hu\\\/de\\\/#\\\/schema\\\/logo\\\/image\\\/\",\"url\":\"https:\\\/\\\/pannacel.hu\\\/wp-content\\\/uploads\\\/2018\\\/01\\\/pannacel_logo_red-8.png\",\"contentUrl\":\"https:\\\/\\\/pannacel.hu\\\/wp-content\\\/uploads\\\/2018\\\/01\\\/pannacel_logo_red-8.png\",\"width\":120,\"height\":70,\"caption\":\"Pann-Ac\u00e9l Kft.\"},\"image\":{\"@id\":\"https:\\\/\\\/pannacel.hu\\\/de\\\/#\\\/schema\\\/logo\\\/image\\\/\"}}]}<\/script>\n<!-- \/ Yoast SEO plugin. -->","yoast_head_json":{"title":"Oberfl\u00e4chenbehandlung und Korrosionsschutz - Pann-Ac\u00e9l Kft. weboldala","robots":{"index":"index","follow":"follow","max-snippet":"max-snippet:-1","max-image-preview":"max-image-preview:large","max-video-preview":"max-video-preview:-1"},"canonical":"https:\/\/pannacel.hu\/de\/unsere-dienstleistungen\/oberflaechenbehandlung-und-korrosionsschutz\/","og_locale":"de_DE","og_type":"article","og_title":"Oberfl\u00e4chenbehandlung und Korrosionsschutz - Pann-Ac\u00e9l Kft. weboldala","og_description":"Oberfl\u00e4chenbehandlung und Korrosionsschutz Die verwendeten Rohmaterialien werden mit einem ISO 8501-konformen Sandstrahlverfahren gereinigt, umVerunreinigungen in dem vom Kunden gew\u00fcnschten Umfang zu entfernen. Die Lackierung erfolgt in unserer beheizten Anlage in Mez\u0151falva.Unser Unternehmen verf\u00fcgt \u00fcber Wagner-Spritzlackieranlagen, so dass wir das gew\u00fcnschte Beschichtungssystemoder sogar feuerhemmende Beschichtungen nach EN ISO 12944 entweder gespritzt oder gestreut auftragen k\u00f6nnen. Unsere [&hellip;]","og_url":"https:\/\/pannacel.hu\/de\/unsere-dienstleistungen\/oberflaechenbehandlung-und-korrosionsschutz\/","og_site_name":"Pann-Ac\u00e9l Kft. weboldala","article_modified_time":"2025-04-07T09:59:29+00:00","og_image":[{"width":403,"height":227,"url":"https:\/\/pannacel.hu\/wp-content\/uploads\/2025\/03\/apannacel-3.jpg","type":"image\/jpeg"}],"twitter_card":"summary_large_image","schema":{"@context":"https:\/\/schema.org","@graph":[{"@type":"WebPage","@id":"https:\/\/pannacel.hu\/de\/unsere-dienstleistungen\/oberflaechenbehandlung-und-korrosionsschutz\/","url":"https:\/\/pannacel.hu\/de\/unsere-dienstleistungen\/oberflaechenbehandlung-und-korrosionsschutz\/","name":"Oberfl\u00e4chenbehandlung und Korrosionsschutz - Pann-Ac\u00e9l Kft. weboldala","isPartOf":{"@id":"https:\/\/pannacel.hu\/de\/#website"},"primaryImageOfPage":{"@id":"https:\/\/pannacel.hu\/de\/unsere-dienstleistungen\/oberflaechenbehandlung-und-korrosionsschutz\/#primaryimage"},"image":{"@id":"https:\/\/pannacel.hu\/de\/unsere-dienstleistungen\/oberflaechenbehandlung-und-korrosionsschutz\/#primaryimage"},"thumbnailUrl":"https:\/\/pannacel.hu\/wp-content\/uploads\/2025\/03\/apannacel-3.jpg","datePublished":"2025-03-24T21:37:34+00:00","dateModified":"2025-04-07T09:59:29+00:00","breadcrumb":{"@id":"https:\/\/pannacel.hu\/de\/unsere-dienstleistungen\/oberflaechenbehandlung-und-korrosionsschutz\/#breadcrumb"},"inLanguage":"de","potentialAction":[{"@type":"ReadAction","target":["https:\/\/pannacel.hu\/de\/unsere-dienstleistungen\/oberflaechenbehandlung-und-korrosionsschutz\/"]}]},{"@type":"ImageObject","inLanguage":"de","@id":"https:\/\/pannacel.hu\/de\/unsere-dienstleistungen\/oberflaechenbehandlung-und-korrosionsschutz\/#primaryimage","url":"https:\/\/pannacel.hu\/wp-content\/uploads\/2025\/03\/apannacel-3.jpg","contentUrl":"https:\/\/pannacel.hu\/wp-content\/uploads\/2025\/03\/apannacel-3.jpg"},{"@type":"BreadcrumbList","@id":"https:\/\/pannacel.hu\/de\/unsere-dienstleistungen\/oberflaechenbehandlung-und-korrosionsschutz\/#breadcrumb","itemListElement":[{"@type":"ListItem","position":1,"name":"Home","item":"https:\/\/pannacel.hu\/de\/hauptseite\/"},{"@type":"ListItem","position":2,"name":"Unsere Dienstleistungen","item":"https:\/\/pannacel.hu\/de\/unsere-dienstleistungen\/"},{"@type":"ListItem","position":3,"name":"Oberfl\u00e4chenbehandlung und Korrosionsschutz"}]},{"@type":"WebSite","@id":"https:\/\/pannacel.hu\/de\/#website","url":"https:\/\/pannacel.hu\/de\/","name":"Pann-Ac\u00e9l Kft.","description":"","publisher":{"@id":"https:\/\/pannacel.hu\/de\/#organization"},"potentialAction":[{"@type":"SearchAction","target":{"@type":"EntryPoint","urlTemplate":"https:\/\/pannacel.hu\/de\/?s={search_term_string}"},"query-input":{"@type":"PropertyValueSpecification","valueRequired":true,"valueName":"search_term_string"}}],"inLanguage":"de"},{"@type":"Organization","@id":"https:\/\/pannacel.hu\/de\/#organization","name":"Pann-Ac\u00e9l Kft.","url":"https:\/\/pannacel.hu\/de\/","logo":{"@type":"ImageObject","inLanguage":"de","@id":"https:\/\/pannacel.hu\/de\/#\/schema\/logo\/image\/","url":"https:\/\/pannacel.hu\/wp-content\/uploads\/2018\/01\/pannacel_logo_red-8.png","contentUrl":"https:\/\/pannacel.hu\/wp-content\/uploads\/2018\/01\/pannacel_logo_red-8.png","width":120,"height":70,"caption":"Pann-Ac\u00e9l Kft."},"image":{"@id":"https:\/\/pannacel.hu\/de\/#\/schema\/logo\/image\/"}}]}},"_links":{"self":[{"href":"https:\/\/pannacel.hu\/de\/wp-json\/wp\/v2\/pages\/1901","targetHints":{"allow":["GET"]}}],"collection":[{"href":"https:\/\/pannacel.hu\/de\/wp-json\/wp\/v2\/pages"}],"about":[{"href":"https:\/\/pannacel.hu\/de\/wp-json\/wp\/v2\/types\/page"}],"author":[{"embeddable":true,"href":"https:\/\/pannacel.hu\/de\/wp-json\/wp\/v2\/users\/1"}],"replies":[{"embeddable":true,"href":"https:\/\/pannacel.hu\/de\/wp-json\/wp\/v2\/comments?post=1901"}],"version-history":[{"count":1,"href":"https:\/\/pannacel.hu\/de\/wp-json\/wp\/v2\/pages\/1901\/revisions"}],"predecessor-version":[{"id":1902,"href":"https:\/\/pannacel.hu\/de\/wp-json\/wp\/v2\/pages\/1901\/revisions\/1902"}],"up":[{"embeddable":true,"href":"https:\/\/pannacel.hu\/de\/wp-json\/wp\/v2\/pages\/1877"}],"wp:attachment":[{"href":"https:\/\/pannacel.hu\/de\/wp-json\/wp\/v2\/media?parent=1901"}],"curies":[{"name":"wp","href":"https:\/\/api.w.org\/{rel}","templated":true}]}}