{"id":1867,"date":"2023-07-14T08:44:32","date_gmt":"2023-07-14T07:44:32","guid":{"rendered":"https:\/\/pannacel.hu\/mini-marches\/"},"modified":"2025-04-07T11:05:36","modified_gmt":"2025-04-07T10:05:36","slug":"qualifications","status":"publish","type":"page","link":"https:\/\/pannacel.hu\/en\/qualifications\/","title":{"rendered":"qualifications"},"content":{"rendered":"\t\t<div data-elementor-type=\"wp-page\" data-elementor-id=\"1867\" class=\"elementor elementor-1867 elementor-692\" data-elementor-post-type=\"page\">\n\t\t\t\t<div class=\"elementor-element elementor-element-8046ca3 e-flex e-con-boxed e-con e-parent\" data-id=\"8046ca3\" data-element_type=\"container\" data-e-type=\"container\" data-settings=\"{&quot;background_background&quot;:&quot;classic&quot;}\">\n\t\t\t\t\t<div class=\"e-con-inner\">\n\t\t\t\t\t<\/div>\n\t\t\t\t<\/div>\n\t\t<div class=\"elementor-element elementor-element-cb88b40 e-flex e-con-boxed e-con e-parent\" data-id=\"cb88b40\" data-element_type=\"container\" data-e-type=\"container\">\n\t\t\t\t\t<div class=\"e-con-inner\">\n\t\t\t\t<div class=\"elementor-element elementor-element-8b36e3c elementor-widget elementor-widget-heading\" data-id=\"8b36e3c\" data-element_type=\"widget\" data-e-type=\"widget\" data-widget_type=\"heading.default\">\n\t\t\t\t<div class=\"elementor-widget-container\">\n\t\t\t\t\t<h1 class=\"elementor-heading-title elementor-size-default\">Our qualifications<\/h1>\t\t\t\t<\/div>\n\t\t\t\t<\/div>\n\t\t\t\t\t<\/div>\n\t\t\t\t<\/div>\n\t\t<div class=\"elementor-element elementor-element-6b1dc91 e-flex e-con-boxed e-con e-parent\" data-id=\"6b1dc91\" data-element_type=\"container\" data-e-type=\"container\">\n\t\t\t\t\t<div class=\"e-con-inner\">\n\t\t\t\t<div class=\"elementor-element elementor-element-7694f3c elementor-widget elementor-widget-image\" data-id=\"7694f3c\" data-element_type=\"widget\" data-e-type=\"widget\" data-widget_type=\"image.default\">\n\t\t\t\t<div class=\"elementor-widget-container\">\n\t\t\t\t\t\t\t\t\t\t\t\t\t\t\t\t<a href=\"https:\/\/pannacel.hu\/wp-content\/uploads\/2025\/04\/S25C-925033110350_page-0001.jpg\" data-elementor-open-lightbox=\"yes\" data-elementor-lightbox-title=\"S25C-925033110350_page-0001\" data-e-action-hash=\"#elementor-action%3Aaction%3Dlightbox%26settings%3DeyJpZCI6MTgzNCwidXJsIjoiaHR0cHM6XC9cL3Bhbm5hY2VsLmh1XC93cC1jb250ZW50XC91cGxvYWRzXC8yMDI1XC8wNFwvUzI1Qy05MjUwMzMxMTAzNTBfcGFnZS0wMDAxLmpwZyJ9\">\n\t\t\t\t\t\t\t<img fetchpriority=\"high\" decoding=\"async\" width=\"724\" height=\"1024\" src=\"https:\/\/pannacel.hu\/wp-content\/uploads\/2025\/04\/S25C-925033110350_page-0001-724x1024.jpg\" class=\"attachment-large size-large wp-image-1834\" alt=\"\" srcset=\"https:\/\/pannacel.hu\/wp-content\/uploads\/2025\/04\/S25C-925033110350_page-0001-724x1024.jpg 724w, https:\/\/pannacel.hu\/wp-content\/uploads\/2025\/04\/S25C-925033110350_page-0001-212x300.jpg 212w, https:\/\/pannacel.hu\/wp-content\/uploads\/2025\/04\/S25C-925033110350_page-0001-768x1086.jpg 768w, https:\/\/pannacel.hu\/wp-content\/uploads\/2025\/04\/S25C-925033110350_page-0001-1087x1536.jpg 1087w, https:\/\/pannacel.hu\/wp-content\/uploads\/2025\/04\/S25C-925033110350_page-0001.jpg 1240w\" sizes=\"(max-width: 724px) 100vw, 724px\" \/>\t\t\t\t\t\t\t\t<\/a>\n\t\t\t\t\t\t\t\t\t\t\t\t\t\t\t<\/div>\n\t\t\t\t<\/div>\n\t\t\t\t\t<\/div>\n\t\t\t\t<\/div>\n\t\t<div class=\"elementor-element elementor-element-089f972 e-flex e-con-boxed e-con e-parent\" data-id=\"089f972\" data-element_type=\"container\" data-e-type=\"container\">\n\t\t\t\t\t<div class=\"e-con-inner\">\n\t\t<div class=\"elementor-element elementor-element-51525cb e-con-full e-flex e-con e-child\" data-id=\"51525cb\" data-element_type=\"container\" data-e-type=\"container\">\n\t\t\t\t<div class=\"elementor-element elementor-element-9fce246 elementor-widget elementor-widget-image\" data-id=\"9fce246\" data-element_type=\"widget\" data-e-type=\"widget\" data-widget_type=\"image.default\">\n\t\t\t\t<div class=\"elementor-widget-container\">\n\t\t\t\t\t\t\t\t\t\t\t\t\t\t\t\t<a href=\"https:\/\/pannacel.hu\/wp-content\/uploads\/2025\/03\/Tan\u00fas\u00edtv\u00e1nyok_\u00c9rv\u00e9nyes_\u00f6sszef\u0171z\u00f6tt-2_page-0001.jpg\" data-elementor-open-lightbox=\"yes\" data-elementor-lightbox-title=\"Tan\u00fas\u00edtv\u00e1nyok_\u00c9rv\u00e9nyes_\u00f6sszef\u0171z\u00f6tt -2_page-0001\" data-e-action-hash=\"#elementor-action%3Aaction%3Dlightbox%26settings%3DeyJpZCI6MTY0MiwidXJsIjoiaHR0cHM6XC9cL3Bhbm5hY2VsLmh1XC93cC1jb250ZW50XC91cGxvYWRzXC8yMDI1XC8wM1wvVGFuXHUwMGZhc1x1MDBlZHR2XHUwMGUxbnlva19cdTAwYzlydlx1MDBlOW55ZXNfXHUwMGY2c3N6ZWZcdTAxNzF6XHUwMGY2dHQtMl9wYWdlLTAwMDEuanBnIn0%3D\">\n\t\t\t\t\t\t\t<img decoding=\"async\" width=\"724\" height=\"1024\" src=\"https:\/\/pannacel.hu\/wp-content\/uploads\/2025\/03\/Tan\u00fas\u00edtv\u00e1nyok_\u00c9rv\u00e9nyes_\u00f6sszef\u0171z\u00f6tt-2_page-0001-724x1024.jpg\" class=\"attachment-large size-large wp-image-1642\" alt=\"\" srcset=\"https:\/\/pannacel.hu\/wp-content\/uploads\/2025\/03\/Tan\u00fas\u00edtv\u00e1nyok_\u00c9rv\u00e9nyes_\u00f6sszef\u0171z\u00f6tt-2_page-0001-724x1024.jpg 724w, https:\/\/pannacel.hu\/wp-content\/uploads\/2025\/03\/Tan\u00fas\u00edtv\u00e1nyok_\u00c9rv\u00e9nyes_\u00f6sszef\u0171z\u00f6tt-2_page-0001-212x300.jpg 212w, https:\/\/pannacel.hu\/wp-content\/uploads\/2025\/03\/Tan\u00fas\u00edtv\u00e1nyok_\u00c9rv\u00e9nyes_\u00f6sszef\u0171z\u00f6tt-2_page-0001-768x1086.jpg 768w, https:\/\/pannacel.hu\/wp-content\/uploads\/2025\/03\/Tan\u00fas\u00edtv\u00e1nyok_\u00c9rv\u00e9nyes_\u00f6sszef\u0171z\u00f6tt-2_page-0001-1087x1536.jpg 1087w, https:\/\/pannacel.hu\/wp-content\/uploads\/2025\/03\/Tan\u00fas\u00edtv\u00e1nyok_\u00c9rv\u00e9nyes_\u00f6sszef\u0171z\u00f6tt-2_page-0001.jpg 1240w\" sizes=\"(max-width: 724px) 100vw, 724px\" \/>\t\t\t\t\t\t\t\t<\/a>\n\t\t\t\t\t\t\t\t\t\t\t\t\t\t\t<\/div>\n\t\t\t\t<\/div>\n\t\t\t\t<\/div>\n\t\t<div class=\"elementor-element elementor-element-66d7947 e-con-full e-flex e-con e-child\" data-id=\"66d7947\" data-element_type=\"container\" data-e-type=\"container\">\n\t\t\t\t<div class=\"elementor-element elementor-element-4c3a081 elementor-widget elementor-widget-image\" data-id=\"4c3a081\" data-element_type=\"widget\" data-e-type=\"widget\" data-widget_type=\"image.default\">\n\t\t\t\t<div class=\"elementor-widget-container\">\n\t\t\t\t\t\t\t\t\t\t\t\t\t\t\t\t<a href=\"https:\/\/pannacel.hu\/wp-content\/uploads\/2025\/03\/Tan\u00fas\u00edtv\u00e1nyok_\u00c9rv\u00e9nyes_\u00f6sszef\u0171z\u00f6tt-3_page-0001.jpg\" data-elementor-open-lightbox=\"yes\" data-elementor-lightbox-title=\"Tan\u00fas\u00edtv\u00e1nyok_\u00c9rv\u00e9nyes_\u00f6sszef\u0171z\u00f6tt-3_page-0001\" data-e-action-hash=\"#elementor-action%3Aaction%3Dlightbox%26settings%3DeyJpZCI6MTYzNCwidXJsIjoiaHR0cHM6XC9cL3Bhbm5hY2VsLmh1XC93cC1jb250ZW50XC91cGxvYWRzXC8yMDI1XC8wM1wvVGFuXHUwMGZhc1x1MDBlZHR2XHUwMGUxbnlva19cdTAwYzlydlx1MDBlOW55ZXNfXHUwMGY2c3N6ZWZcdTAxNzF6XHUwMGY2dHQtM19wYWdlLTAwMDEuanBnIn0%3D\">\n\t\t\t\t\t\t\t<img decoding=\"async\" width=\"724\" height=\"1024\" src=\"https:\/\/pannacel.hu\/wp-content\/uploads\/2025\/03\/Tan\u00fas\u00edtv\u00e1nyok_\u00c9rv\u00e9nyes_\u00f6sszef\u0171z\u00f6tt-3_page-0001-724x1024.jpg\" class=\"attachment-large size-large wp-image-1634\" alt=\"\" srcset=\"https:\/\/pannacel.hu\/wp-content\/uploads\/2025\/03\/Tan\u00fas\u00edtv\u00e1nyok_\u00c9rv\u00e9nyes_\u00f6sszef\u0171z\u00f6tt-3_page-0001-724x1024.jpg 724w, https:\/\/pannacel.hu\/wp-content\/uploads\/2025\/03\/Tan\u00fas\u00edtv\u00e1nyok_\u00c9rv\u00e9nyes_\u00f6sszef\u0171z\u00f6tt-3_page-0001-212x300.jpg 212w, https:\/\/pannacel.hu\/wp-content\/uploads\/2025\/03\/Tan\u00fas\u00edtv\u00e1nyok_\u00c9rv\u00e9nyes_\u00f6sszef\u0171z\u00f6tt-3_page-0001-768x1086.jpg 768w, https:\/\/pannacel.hu\/wp-content\/uploads\/2025\/03\/Tan\u00fas\u00edtv\u00e1nyok_\u00c9rv\u00e9nyes_\u00f6sszef\u0171z\u00f6tt-3_page-0001-1087x1536.jpg 1087w, https:\/\/pannacel.hu\/wp-content\/uploads\/2025\/03\/Tan\u00fas\u00edtv\u00e1nyok_\u00c9rv\u00e9nyes_\u00f6sszef\u0171z\u00f6tt-3_page-0001.jpg 1240w\" sizes=\"(max-width: 724px) 100vw, 724px\" \/>\t\t\t\t\t\t\t\t<\/a>\n\t\t\t\t\t\t\t\t\t\t\t\t\t\t\t<\/div>\n\t\t\t\t<\/div>\n\t\t\t\t<\/div>\n\t\t\t\t\t<\/div>\n\t\t\t\t<\/div>\n\t\t<div class=\"elementor-element elementor-element-ead3e99 e-flex e-con-boxed e-con e-parent\" data-id=\"ead3e99\" data-element_type=\"container\" data-e-type=\"container\">\n\t\t\t\t\t<div class=\"e-con-inner\">\n\t\t<div class=\"elementor-element elementor-element-ba6272c e-con-full e-flex e-con e-child\" data-id=\"ba6272c\" data-element_type=\"container\" data-e-type=\"container\">\n\t\t\t\t<div class=\"elementor-element elementor-element-4ffb6a3 elementor-widget elementor-widget-image\" data-id=\"4ffb6a3\" data-element_type=\"widget\" data-e-type=\"widget\" data-widget_type=\"image.default\">\n\t\t\t\t<div class=\"elementor-widget-container\">\n\t\t\t\t\t\t\t\t\t\t\t\t\t\t\t\t<a href=\"https:\/\/pannacel.hu\/wp-content\/uploads\/2025\/03\/Tan\u00fas\u00edtv\u00e1nyok_\u00c9rv\u00e9nyes_\u00f6sszef\u0171z\u00f6tt-5_page-0001.jpg\" data-elementor-open-lightbox=\"yes\" data-elementor-lightbox-title=\"Tan\u00fas\u00edtv\u00e1nyok_\u00c9rv\u00e9nyes_\u00f6sszef\u0171z\u00f6tt-5_page-0001\" data-e-action-hash=\"#elementor-action%3Aaction%3Dlightbox%26settings%3DeyJpZCI6MTYzOCwidXJsIjoiaHR0cHM6XC9cL3Bhbm5hY2VsLmh1XC93cC1jb250ZW50XC91cGxvYWRzXC8yMDI1XC8wM1wvVGFuXHUwMGZhc1x1MDBlZHR2XHUwMGUxbnlva19cdTAwYzlydlx1MDBlOW55ZXNfXHUwMGY2c3N6ZWZcdTAxNzF6XHUwMGY2dHQtNV9wYWdlLTAwMDEuanBnIn0%3D\">\n\t\t\t\t\t\t\t<img loading=\"lazy\" decoding=\"async\" width=\"724\" height=\"1024\" src=\"https:\/\/pannacel.hu\/wp-content\/uploads\/2025\/03\/Tan\u00fas\u00edtv\u00e1nyok_\u00c9rv\u00e9nyes_\u00f6sszef\u0171z\u00f6tt-5_page-0001-724x1024.jpg\" class=\"attachment-large size-large wp-image-1638\" alt=\"\" srcset=\"https:\/\/pannacel.hu\/wp-content\/uploads\/2025\/03\/Tan\u00fas\u00edtv\u00e1nyok_\u00c9rv\u00e9nyes_\u00f6sszef\u0171z\u00f6tt-5_page-0001-724x1024.jpg 724w, https:\/\/pannacel.hu\/wp-content\/uploads\/2025\/03\/Tan\u00fas\u00edtv\u00e1nyok_\u00c9rv\u00e9nyes_\u00f6sszef\u0171z\u00f6tt-5_page-0001-212x300.jpg 212w, https:\/\/pannacel.hu\/wp-content\/uploads\/2025\/03\/Tan\u00fas\u00edtv\u00e1nyok_\u00c9rv\u00e9nyes_\u00f6sszef\u0171z\u00f6tt-5_page-0001-768x1087.jpg 768w, https:\/\/pannacel.hu\/wp-content\/uploads\/2025\/03\/Tan\u00fas\u00edtv\u00e1nyok_\u00c9rv\u00e9nyes_\u00f6sszef\u0171z\u00f6tt-5_page-0001-1086x1536.jpg 1086w, https:\/\/pannacel.hu\/wp-content\/uploads\/2025\/03\/Tan\u00fas\u00edtv\u00e1nyok_\u00c9rv\u00e9nyes_\u00f6sszef\u0171z\u00f6tt-5_page-0001.jpg 1241w\" sizes=\"(max-width: 724px) 100vw, 724px\" \/>\t\t\t\t\t\t\t\t<\/a>\n\t\t\t\t\t\t\t\t\t\t\t\t\t\t\t<\/div>\n\t\t\t\t<\/div>\n\t\t\t\t<\/div>\n\t\t<div class=\"elementor-element elementor-element-14fce5c e-con-full e-flex e-con e-child\" data-id=\"14fce5c\" data-element_type=\"container\" data-e-type=\"container\">\n\t\t\t\t<div class=\"elementor-element elementor-element-17d27e9 elementor-widget elementor-widget-image\" data-id=\"17d27e9\" data-element_type=\"widget\" data-e-type=\"widget\" data-widget_type=\"image.default\">\n\t\t\t\t<div class=\"elementor-widget-container\">\n\t\t\t\t\t\t\t\t\t\t\t\t\t\t\t\t<a href=\"https:\/\/pannacel.hu\/wp-content\/uploads\/2025\/03\/Tan\u00fas\u00edtv\u00e1nyok_\u00c9rv\u00e9nyes_\u00f6sszef\u0171z\u00f6tt-4_page-0001.jpg\" data-elementor-open-lightbox=\"yes\" data-elementor-lightbox-title=\"Tan\u00fas\u00edtv\u00e1nyok_\u00c9rv\u00e9nyes_\u00f6sszef\u0171z\u00f6tt-4_page-0001\" data-e-action-hash=\"#elementor-action%3Aaction%3Dlightbox%26settings%3DeyJpZCI6MTYzNiwidXJsIjoiaHR0cHM6XC9cL3Bhbm5hY2VsLmh1XC93cC1jb250ZW50XC91cGxvYWRzXC8yMDI1XC8wM1wvVGFuXHUwMGZhc1x1MDBlZHR2XHUwMGUxbnlva19cdTAwYzlydlx1MDBlOW55ZXNfXHUwMGY2c3N6ZWZcdTAxNzF6XHUwMGY2dHQtNF9wYWdlLTAwMDEuanBnIn0%3D\">\n\t\t\t\t\t\t\t<img loading=\"lazy\" decoding=\"async\" width=\"1240\" height=\"1753\" src=\"https:\/\/pannacel.hu\/wp-content\/uploads\/2025\/03\/Tan\u00fas\u00edtv\u00e1nyok_\u00c9rv\u00e9nyes_\u00f6sszef\u0171z\u00f6tt-4_page-0001.jpg\" class=\"attachment-full size-full wp-image-1636\" alt=\"\" srcset=\"https:\/\/pannacel.hu\/wp-content\/uploads\/2025\/03\/Tan\u00fas\u00edtv\u00e1nyok_\u00c9rv\u00e9nyes_\u00f6sszef\u0171z\u00f6tt-4_page-0001.jpg 1240w, https:\/\/pannacel.hu\/wp-content\/uploads\/2025\/03\/Tan\u00fas\u00edtv\u00e1nyok_\u00c9rv\u00e9nyes_\u00f6sszef\u0171z\u00f6tt-4_page-0001-212x300.jpg 212w, https:\/\/pannacel.hu\/wp-content\/uploads\/2025\/03\/Tan\u00fas\u00edtv\u00e1nyok_\u00c9rv\u00e9nyes_\u00f6sszef\u0171z\u00f6tt-4_page-0001-724x1024.jpg 724w, https:\/\/pannacel.hu\/wp-content\/uploads\/2025\/03\/Tan\u00fas\u00edtv\u00e1nyok_\u00c9rv\u00e9nyes_\u00f6sszef\u0171z\u00f6tt-4_page-0001-768x1086.jpg 768w, https:\/\/pannacel.hu\/wp-content\/uploads\/2025\/03\/Tan\u00fas\u00edtv\u00e1nyok_\u00c9rv\u00e9nyes_\u00f6sszef\u0171z\u00f6tt-4_page-0001-1087x1536.jpg 1087w\" sizes=\"(max-width: 1240px) 100vw, 1240px\" \/>\t\t\t\t\t\t\t\t<\/a>\n\t\t\t\t\t\t\t\t\t\t\t\t\t\t\t<\/div>\n\t\t\t\t<\/div>\n\t\t\t\t<\/div>\n\t\t\t\t\t<\/div>\n\t\t\t\t<\/div>\n\t\t\t\t<\/div>\n\t\t","protected":false},"excerpt":{"rendered":"<p>Our qualifications<\/p>\n","protected":false},"author":1,"featured_media":0,"parent":0,"menu_order":0,"comment_status":"closed","ping_status":"closed","template":"elementor_header_footer","meta":{"footnotes":""},"class_list":["post-1867","page","type-page","status-publish","hentry"],"yoast_head":"<!-- This site is optimized with the Yoast SEO plugin v27.5 - https:\/\/yoast.com\/product\/yoast-seo-wordpress\/ -->\n<title>qualifications - Pann-Ac\u00e9l Kft. weboldala<\/title>\n<meta name=\"robots\" content=\"index, follow, max-snippet:-1, max-image-preview:large, max-video-preview:-1\" \/>\n<link rel=\"canonical\" href=\"https:\/\/pannacel.hu\/en\/qualifications\/\" \/>\n<meta property=\"og:locale\" content=\"en_US\" \/>\n<meta property=\"og:type\" content=\"article\" \/>\n<meta property=\"og:title\" content=\"qualifications - Pann-Ac\u00e9l Kft. weboldala\" \/>\n<meta property=\"og:description\" content=\"Our qualifications\" \/>\n<meta property=\"og:url\" content=\"https:\/\/pannacel.hu\/en\/qualifications\/\" \/>\n<meta property=\"og:site_name\" content=\"Pann-Ac\u00e9l Kft. weboldala\" \/>\n<meta property=\"article:modified_time\" content=\"2025-04-07T10:05:36+00:00\" \/>\n<meta property=\"og:image\" content=\"https:\/\/pannacel.hu\/wp-content\/uploads\/2025\/04\/S25C-925033110350_page-0001-724x1024.jpg\" \/>\n<meta name=\"twitter:card\" content=\"summary_large_image\" \/>\n<meta name=\"twitter:label1\" content=\"Est. reading time\" \/>\n\t<meta name=\"twitter:data1\" content=\"2 minutes\" \/>\n<script type=\"application\/ld+json\" class=\"yoast-schema-graph\">{\"@context\":\"https:\\\/\\\/schema.org\",\"@graph\":[{\"@type\":\"WebPage\",\"@id\":\"https:\\\/\\\/pannacel.hu\\\/en\\\/qualifications\\\/\",\"url\":\"https:\\\/\\\/pannacel.hu\\\/en\\\/qualifications\\\/\",\"name\":\"qualifications - Pann-Ac\u00e9l Kft. weboldala\",\"isPartOf\":{\"@id\":\"https:\\\/\\\/pannacel.hu\\\/en\\\/#website\"},\"primaryImageOfPage\":{\"@id\":\"https:\\\/\\\/pannacel.hu\\\/en\\\/qualifications\\\/#primaryimage\"},\"image\":{\"@id\":\"https:\\\/\\\/pannacel.hu\\\/en\\\/qualifications\\\/#primaryimage\"},\"thumbnailUrl\":\"https:\\\/\\\/pannacel.hu\\\/wp-content\\\/uploads\\\/2025\\\/04\\\/S25C-925033110350_page-0001-724x1024.jpg\",\"datePublished\":\"2023-07-14T07:44:32+00:00\",\"dateModified\":\"2025-04-07T10:05:36+00:00\",\"breadcrumb\":{\"@id\":\"https:\\\/\\\/pannacel.hu\\\/en\\\/qualifications\\\/#breadcrumb\"},\"inLanguage\":\"en-US\",\"potentialAction\":[{\"@type\":\"ReadAction\",\"target\":[\"https:\\\/\\\/pannacel.hu\\\/en\\\/qualifications\\\/\"]}]},{\"@type\":\"ImageObject\",\"inLanguage\":\"en-US\",\"@id\":\"https:\\\/\\\/pannacel.hu\\\/en\\\/qualifications\\\/#primaryimage\",\"url\":\"https:\\\/\\\/pannacel.hu\\\/wp-content\\\/uploads\\\/2025\\\/04\\\/S25C-925033110350_page-0001-724x1024.jpg\",\"contentUrl\":\"https:\\\/\\\/pannacel.hu\\\/wp-content\\\/uploads\\\/2025\\\/04\\\/S25C-925033110350_page-0001-724x1024.jpg\"},{\"@type\":\"BreadcrumbList\",\"@id\":\"https:\\\/\\\/pannacel.hu\\\/en\\\/qualifications\\\/#breadcrumb\",\"itemListElement\":[{\"@type\":\"ListItem\",\"position\":1,\"name\":\"Home\",\"item\":\"https:\\\/\\\/pannacel.hu\\\/en\\\/\"},{\"@type\":\"ListItem\",\"position\":2,\"name\":\"qualifications\"}]},{\"@type\":\"WebSite\",\"@id\":\"https:\\\/\\\/pannacel.hu\\\/en\\\/#website\",\"url\":\"https:\\\/\\\/pannacel.hu\\\/en\\\/\",\"name\":\"Pann-Ac\u00e9l Kft.\",\"description\":\"\",\"publisher\":{\"@id\":\"https:\\\/\\\/pannacel.hu\\\/en\\\/#organization\"},\"potentialAction\":[{\"@type\":\"SearchAction\",\"target\":{\"@type\":\"EntryPoint\",\"urlTemplate\":\"https:\\\/\\\/pannacel.hu\\\/en\\\/?s={search_term_string}\"},\"query-input\":{\"@type\":\"PropertyValueSpecification\",\"valueRequired\":true,\"valueName\":\"search_term_string\"}}],\"inLanguage\":\"en-US\"},{\"@type\":\"Organization\",\"@id\":\"https:\\\/\\\/pannacel.hu\\\/en\\\/#organization\",\"name\":\"Pann-Ac\u00e9l Kft.\",\"url\":\"https:\\\/\\\/pannacel.hu\\\/en\\\/\",\"logo\":{\"@type\":\"ImageObject\",\"inLanguage\":\"en-US\",\"@id\":\"https:\\\/\\\/pannacel.hu\\\/en\\\/#\\\/schema\\\/logo\\\/image\\\/\",\"url\":\"https:\\\/\\\/pannacel.hu\\\/wp-content\\\/uploads\\\/2018\\\/01\\\/pannacel_logo_red-8.png\",\"contentUrl\":\"https:\\\/\\\/pannacel.hu\\\/wp-content\\\/uploads\\\/2018\\\/01\\\/pannacel_logo_red-8.png\",\"width\":120,\"height\":70,\"caption\":\"Pann-Ac\u00e9l Kft.\"},\"image\":{\"@id\":\"https:\\\/\\\/pannacel.hu\\\/en\\\/#\\\/schema\\\/logo\\\/image\\\/\"}}]}<\/script>\n<!-- \/ Yoast SEO plugin. -->","yoast_head_json":{"title":"qualifications - Pann-Ac\u00e9l Kft. weboldala","robots":{"index":"index","follow":"follow","max-snippet":"max-snippet:-1","max-image-preview":"max-image-preview:large","max-video-preview":"max-video-preview:-1"},"canonical":"https:\/\/pannacel.hu\/en\/qualifications\/","og_locale":"en_US","og_type":"article","og_title":"qualifications - Pann-Ac\u00e9l Kft. weboldala","og_description":"Our qualifications","og_url":"https:\/\/pannacel.hu\/en\/qualifications\/","og_site_name":"Pann-Ac\u00e9l Kft. weboldala","article_modified_time":"2025-04-07T10:05:36+00:00","og_image":[{"url":"https:\/\/pannacel.hu\/wp-content\/uploads\/2025\/04\/S25C-925033110350_page-0001-724x1024.jpg","type":"","width":"","height":""}],"twitter_card":"summary_large_image","twitter_misc":{"Est. reading time":"2 minutes"},"schema":{"@context":"https:\/\/schema.org","@graph":[{"@type":"WebPage","@id":"https:\/\/pannacel.hu\/en\/qualifications\/","url":"https:\/\/pannacel.hu\/en\/qualifications\/","name":"qualifications - Pann-Ac\u00e9l Kft. weboldala","isPartOf":{"@id":"https:\/\/pannacel.hu\/en\/#website"},"primaryImageOfPage":{"@id":"https:\/\/pannacel.hu\/en\/qualifications\/#primaryimage"},"image":{"@id":"https:\/\/pannacel.hu\/en\/qualifications\/#primaryimage"},"thumbnailUrl":"https:\/\/pannacel.hu\/wp-content\/uploads\/2025\/04\/S25C-925033110350_page-0001-724x1024.jpg","datePublished":"2023-07-14T07:44:32+00:00","dateModified":"2025-04-07T10:05:36+00:00","breadcrumb":{"@id":"https:\/\/pannacel.hu\/en\/qualifications\/#breadcrumb"},"inLanguage":"en-US","potentialAction":[{"@type":"ReadAction","target":["https:\/\/pannacel.hu\/en\/qualifications\/"]}]},{"@type":"ImageObject","inLanguage":"en-US","@id":"https:\/\/pannacel.hu\/en\/qualifications\/#primaryimage","url":"https:\/\/pannacel.hu\/wp-content\/uploads\/2025\/04\/S25C-925033110350_page-0001-724x1024.jpg","contentUrl":"https:\/\/pannacel.hu\/wp-content\/uploads\/2025\/04\/S25C-925033110350_page-0001-724x1024.jpg"},{"@type":"BreadcrumbList","@id":"https:\/\/pannacel.hu\/en\/qualifications\/#breadcrumb","itemListElement":[{"@type":"ListItem","position":1,"name":"Home","item":"https:\/\/pannacel.hu\/en\/"},{"@type":"ListItem","position":2,"name":"qualifications"}]},{"@type":"WebSite","@id":"https:\/\/pannacel.hu\/en\/#website","url":"https:\/\/pannacel.hu\/en\/","name":"Pann-Ac\u00e9l Kft.","description":"","publisher":{"@id":"https:\/\/pannacel.hu\/en\/#organization"},"potentialAction":[{"@type":"SearchAction","target":{"@type":"EntryPoint","urlTemplate":"https:\/\/pannacel.hu\/en\/?s={search_term_string}"},"query-input":{"@type":"PropertyValueSpecification","valueRequired":true,"valueName":"search_term_string"}}],"inLanguage":"en-US"},{"@type":"Organization","@id":"https:\/\/pannacel.hu\/en\/#organization","name":"Pann-Ac\u00e9l Kft.","url":"https:\/\/pannacel.hu\/en\/","logo":{"@type":"ImageObject","inLanguage":"en-US","@id":"https:\/\/pannacel.hu\/en\/#\/schema\/logo\/image\/","url":"https:\/\/pannacel.hu\/wp-content\/uploads\/2018\/01\/pannacel_logo_red-8.png","contentUrl":"https:\/\/pannacel.hu\/wp-content\/uploads\/2018\/01\/pannacel_logo_red-8.png","width":120,"height":70,"caption":"Pann-Ac\u00e9l Kft."},"image":{"@id":"https:\/\/pannacel.hu\/en\/#\/schema\/logo\/image\/"}}]}},"_links":{"self":[{"href":"https:\/\/pannacel.hu\/en\/wp-json\/wp\/v2\/pages\/1867","targetHints":{"allow":["GET"]}}],"collection":[{"href":"https:\/\/pannacel.hu\/en\/wp-json\/wp\/v2\/pages"}],"about":[{"href":"https:\/\/pannacel.hu\/en\/wp-json\/wp\/v2\/types\/page"}],"author":[{"embeddable":true,"href":"https:\/\/pannacel.hu\/en\/wp-json\/wp\/v2\/users\/1"}],"replies":[{"embeddable":true,"href":"https:\/\/pannacel.hu\/en\/wp-json\/wp\/v2\/comments?post=1867"}],"version-history":[{"count":2,"href":"https:\/\/pannacel.hu\/en\/wp-json\/wp\/v2\/pages\/1867\/revisions"}],"predecessor-version":[{"id":1910,"href":"https:\/\/pannacel.hu\/en\/wp-json\/wp\/v2\/pages\/1867\/revisions\/1910"}],"wp:attachment":[{"href":"https:\/\/pannacel.hu\/en\/wp-json\/wp\/v2\/media?parent=1867"}],"curies":[{"name":"wp","href":"https:\/\/api.w.org\/{rel}","templated":true}]}}